{"id":3,"date":"2025-03-21T23:12:48","date_gmt":"2025-03-21T23:12:48","guid":{"rendered":"https:\/\/mmetal.se\/?page_id=3"},"modified":"2025-08-12T11:20:56","modified_gmt":"2025-08-12T09:20:56","slug":"datenschutzbestimmungen","status":"publish","type":"page","link":"https:\/\/mmetal.se\/de\/privacy-policy\/","title":{"rendered":"Datenschutzbestimmungen"},"content":{"rendered":"<p><strong>Zuletzt aktualisiert:<\/strong> 12. August 2025<\/p>\n\n\n\n<p>Mattsson Metal AB respektiert Ihre Privatsph\u00e4re und h\u00e4lt sich stets an die geltenden Gesetze, einschlie\u00dflich der EU-Datenschutzgrundverordnung (GDPR). In dieser Datenschutzrichtlinie wird erl\u00e4utert, wie wir Ihre personenbezogenen Daten erfassen, verwenden, speichern und sch\u00fctzen.<\/p>\n\n\n\n<h2 class=\"wp-block-heading\">1. Data Controller<\/h2>\n\n\n\n<p>Mattsson Metal AB (MwSt.-Nr. [SE556049035001]) ist der f\u00fcr die Verarbeitung der in dieser Richtlinie beschriebenen personenbezogenen Daten Verantwortliche.<\/p>\n\n\n\n<p><strong>Adresse:<\/strong> Norv\u00e4gen 6, 792 32 Mora (Box 415, 792 27 Mora)<br><strong>E-Mail:<\/strong> info@mmetal.se<br><strong>Telefon:<\/strong> +46 250 394 00<\/p>\n\n\n\n<h2 class=\"wp-block-heading\">2. Erfasste pers\u00f6nliche Daten<\/h2>\n\n\n\n<p>Wir k\u00f6nnen in den folgenden Situationen personenbezogene Daten sammeln:<\/p>\n\n\n\n<h3 class=\"wp-block-heading\">a) Wenn Sie unser Kontaktformular auf der Website benutzen<\/h3>\n\n\n\n<ul class=\"wp-block-list\">\n<li>Name<\/li>\n\n\n\n<li>E-Mail Adresse<\/li>\n\n\n\n<li>Rufnummer<\/li>\n\n\n\n<li>Optionale Nachricht<\/li>\n<\/ul>\n\n\n\n<h3 class=\"wp-block-heading\">b) In Gesch\u00e4ftsbeziehungen mit Kunden, Lieferanten und Mitarbeitern<\/h3>\n\n\n\n<ul class=\"wp-block-list\">\n<li>Name, Adresse, Personalausweisnummer, Bankverbindung, E-Mail-Adresse, Telefonnummer<\/li>\n\n\n\n<li>Vertrags-, Zahlungs- und Kommunikationsinformationen<\/li>\n\n\n\n<li>F\u00fcr Arbeitnehmer: Gewerkschaftsmitgliedschaft, Krankheitsurlaub, medizinische Daten, Rehabilitationsma\u00dfnahmen, Angaben zu den n\u00e4chsten Angeh\u00f6rigen usw. (nur intern verarbeitet und nicht an Unbefugte weitergegeben)<\/li>\n<\/ul>\n\n\n\n<h3 class=\"wp-block-heading\">c) Technische Daten beim Besuch unserer Website<\/h3>\n\n\n\n<ul class=\"wp-block-list\">\n<li>IP-Adresse<\/li>\n\n\n\n<li>Browser- und Ger\u00e4teinformationen<\/li>\n\n\n\n<li>Sprachpr\u00e4ferenz (\u00fcber GTranslate)<\/li>\n\n\n\n<li>Cookies und Tracking-Technologien von Drittanbietern (z. B. Google reCAPTCHA), um die Website vor Spam zu sch\u00fctzen.<\/li>\n<\/ul>\n\n\n\n<h2 class=\"wp-block-heading\">3. Ziele und Rechtsgrundlage<\/h2>\n\n\n\n<p>Wir verarbeiten personenbezogene Daten f\u00fcr die folgenden Zwecke:<\/p>\n\n\n\n<ul class=\"wp-block-list\">\n<li>Zur Beantwortung von Anfragen und zur Erbringung unserer Dienstleistungen (Vertragserf\u00fcllung)<\/li>\n\n\n\n<li>Zur Pflege von Gesch\u00e4ftsbeziehungen mit Kunden, Lieferanten und Partnern (Vertragserf\u00fcllung und berechtigtes Interesse)<\/li>\n\n\n\n<li>Zur Erf\u00fcllung gesetzlicher Verpflichtungen, wie z. B. Rechnungslegungsvorschriften (gesetzliche Verpflichtung)<\/li>\n\n\n\n<li>Zum Schutz der Website vor Missbrauch (berechtigtes Interesse, Sicherheit)<\/li>\n<\/ul>\n\n\n\n<h2 class=\"wp-block-heading\">4. Wie wir Daten sammeln und speichern<\/h2>\n\n\n\n<ul class=\"wp-block-list\">\n<li><strong>Kontakt-Formular:<\/strong> Die Daten werden an unsere Firmen-E-Mail gesendet und auch in <strong>Elementor Einreichungen<\/strong> auf unserem Webserver.<\/li>\n\n\n\n<li><strong>E-Mail-Kommunikation:<\/strong> Die per E-Mail \u00fcbermittelten Daten werden in unseren E-Mail-Systemen gespeichert.<\/li>\n\n\n\n<li><strong>Interner Speicher:<\/strong> Personenbezogene Daten werden in unseren internen Systemen so lange gespeichert, wie es f\u00fcr die Erf\u00fcllung des Zwecks erforderlich ist, und in \u00dcbereinstimmung mit den gesetzlichen Aufbewahrungsfristen.<\/li>\n\n\n\n<li><strong>Sicherheit:<\/strong> Wir ergreifen technische und organisatorische Ma\u00dfnahmen, einschlie\u00dflich Verschl\u00fcsselung, Firewalls und Zugangskontrollen.<\/li>\n<\/ul>\n\n\n\n<h2 class=\"wp-block-heading\">5. Gemeinsame Nutzung von Daten<\/h2>\n\n\n\n<p>Wir k\u00f6nnen personenbezogene Daten weitergeben an:<\/p>\n\n\n\n<ul class=\"wp-block-list\">\n<li>Dienstleister, die technische Dienste anbieten (z. B. Webhosting, E-Mail-Dienste, IT-Support)<\/li>\n\n\n\n<li>Beh\u00f6rden, wenn dies gesetzlich vorgeschrieben ist<\/li>\n\n\n\n<li>Externe Dienste wie Google reCAPTCHA (um Formulare vor Spam zu sch\u00fctzen)<\/li>\n<\/ul>\n\n\n\n<h2 class=\"wp-block-heading\">6. \u00dcberweisungen au\u00dferhalb der EU\/EWR<\/h2>\n\n\n\n<p>Einige Dienstleister (z. B. Google) k\u00f6nnen Daten in L\u00e4ndern au\u00dferhalb der EU\/des EWR verarbeiten. In solchen F\u00e4llen gew\u00e4hrleisten wir ein angemessenes Schutzniveau durch Standardvertragsklauseln oder gleichwertige Garantien.<\/p>\n\n\n\n<h2 class=\"wp-block-heading\">7. Vorratsdatenspeicherung<\/h2>\n\n\n\n<ul class=\"wp-block-list\">\n<li>Eingaben in Kontaktformulare: Aufbewahrung f\u00fcr maximal 12 Monate, es sei denn, weitere Kontakte erfordern eine l\u00e4ngere Speicherung.<\/li>\n\n\n\n<li>Gesch\u00e4ftsunterlagen: 7 Jahre lang aufbewahren, gem\u00e4\u00df den Vorschriften des Rechnungslegungsrechts.<\/li>\n\n\n\n<li>Besch\u00e4ftigungsbezogene Informationen: werden gem\u00e4\u00df den arbeitsrechtlichen Anforderungen aufbewahrt.<\/li>\n<\/ul>\n\n\n\n<h2 class=\"wp-block-heading\">8. Deine Rechte<\/h2>\n\n\n\n<p>Sie haben das Recht dazu:<\/p>\n\n\n\n<ul class=\"wp-block-list\">\n<li>Zugang zu Ihren pers\u00f6nlichen Daten (Antrag auf Zugang zu den Daten)<\/li>\n\n\n\n<li>Antrag auf Berichtigung unrichtiger Informationen<\/li>\n\n\n\n<li>Antrag auf L\u00f6schung (\"Recht auf Vergessenwerden\"), soweit rechtlich m\u00f6glich<\/li>\n\n\n\n<li>Widerspruch gegen die Verarbeitung auf der Grundlage eines berechtigten Interesses<\/li>\n\n\n\n<li>Antrag auf Einschr\u00e4nkung der Verarbeitung<\/li>\n\n\n\n<li>Reichen Sie eine Beschwerde bei der schwedischen Datenschutzbeh\u00f6rde (IMY) oder Ihrer \u00f6rtlichen Aufsichtsbeh\u00f6rde ein.<\/li>\n<\/ul>\n\n\n\n<h2 class=\"wp-block-heading\">9. Cookies und Dienste von Drittanbietern<\/h2>\n\n\n\n<p>Wir verwenden Cookies und \u00e4hnliche Technologien, um das ordnungsgem\u00e4\u00dfe Funktionieren der Website zu gew\u00e4hrleisten, ihre Leistung zu verbessern und sie vor Spam und Missbrauch zu sch\u00fctzen. In der EU\/EWR ben\u00f6tigen nicht wesentliche Cookies Ihre Zustimmung. Derzeit verwenden wir nur essenzielle und funktionale Cookies.<\/p>\n\n\n\n<p><strong>Arten von Cookies, die wir verwenden<\/strong><\/p>\n\n\n\n<ul class=\"wp-block-list\">\n<li><strong>Streng notwendige Cookies<\/strong> - Erforderlich f\u00fcr grundlegende Website-Funktionen wie das Laden von Seiten, die \u00dcbermittlung von Formularen und die Sicherheit.<\/li>\n\n\n\n<li><strong>Funktionalit\u00e4t der Cookies<\/strong> - Wird verwendet, um Ihre Sprachpr\u00e4ferenz und andere Einstellungen zur Verbesserung der Benutzerfreundlichkeit zu speichern.<\/li>\n<\/ul>\n\n\n\n<h2 class=\"wp-block-heading\"><strong>Dienste, die Cookies setzen k\u00f6nnen<\/strong><\/h2>\n\n\n\n<ul class=\"wp-block-list\">\n<li><strong>Google reCAPTCHA<\/strong> (Sicherheit &amp; Anti-Spam): Wird in unserem Kontaktformular zum Schutz vor Spam und Missbrauch verwendet. Google kann Cookies setzen auf <code>.google.de<\/code> und\/oder <code>.gstatic.com<\/code> (z.B., <code>_GRECAPTCHA<\/code>) und verarbeiten technische Daten wie IP-Adresse, Browserdetails und Nutzungsmuster. Die Verarbeitung unterliegt den Datenschutzbestimmungen und Nutzungsbedingungen von Google.<\/li>\n\n\n\n<li><strong>LiteSpeed-Cache<\/strong> (Leistung): Kann technische Cookies setzen, um die Bereitstellung von Seiten zu optimieren und die Integrit\u00e4t des Caches zu erhalten. Diese verfolgen die Nutzer nicht \u00fcber verschiedene Websites hinweg.<\/li>\n\n\n\n<li><strong>Kern-WordPress &amp; Elementor<\/strong> (Betrieb): Darf wesentliche Cookies setzen, die f\u00fcr das Rendering und die Sitzungsverwaltung erforderlich sind (keine Werbung oder Site-\u00fcbergreifendes Tracking).<\/li>\n\n\n\n<li><strong>GTranslate<\/strong> (Funktionsweise): Kann die von Ihnen gew\u00e4hlte Sprache speichern (z. B. ein Cookie wie <code>googtrans<\/code>), um die Benutzerfreundlichkeit zu verbessern.<\/li>\n<\/ul>\n\n\n\n<h2 class=\"wp-block-heading\"><strong>Typische verwendete Cookies<\/strong><\/h2>\n\n\n\n<figure class=\"wp-block-table\"><table class=\"has-fixed-layout\"><thead><tr><th>Cookie \/ Anbieter<\/th><th>Zweck<\/th><th>Typ<\/th><th>Typischer Verfall<\/th><\/tr><\/thead><tbody><tr><td><code>_GRECAPTCHA<\/code> (google.com)<\/td><td>Spam-\/Missbrauchsschutz f\u00fcr Formulare<\/td><td>Streng notwendig<\/td><td>bis zu 6 Monate<\/td><\/tr><tr><td>Andere reCAPTCHA-Cookies (google.com \/ gstatic.com)<\/td><td>Bot-Erkennung und Sicherheit<\/td><td>Streng notwendig<\/td><td>Sitzung bis mehrere Monate<\/td><\/tr><tr><td>LiteSpeed-Cache-Cookies<\/td><td>Leistung: Zwischenspeicherung und Bereitstellung der Website<\/td><td>Streng notwendig<\/td><td>Sitzung bis zu ein paar Tagen<\/td><\/tr><tr><td><code>googtrans<\/code> (GTranslate)<\/td><td>Speichert die ausgew\u00e4hlte Sprache<\/td><td>Funktionsweise<\/td><td>bis zu 1 Jahr<\/td><\/tr><\/tbody><\/table><\/figure>\n\n\n\n<p><strong>Keine Analyse- oder Marketing-Cookies<\/strong><br>Wir verwenden derzeit keine Analyse-, Werbe- oder Tracking-Cookies f\u00fcr Marketingzwecke. Sollte sich dies \u00e4ndern, werden wir diese Datenschutzrichtlinie aktualisieren und die Zustimmung einholen, sofern erforderlich.<\/p>\n\n\n\n<p><strong>Verwaltung von Cookies<\/strong><br>Sie k\u00f6nnen Cookies in den Einstellungen Ihres Browsers verwalten oder l\u00f6schen. Bitte beachten Sie, dass das Blockieren unbedingt notwendiger Cookies die Funktionalit\u00e4t der Website beeintr\u00e4chtigen kann (z. B. das Absenden von Formularen, das Laden von Seiten).<\/p>\n\n\n\n<ul class=\"wp-block-list\">\n<li><a>Chrom<\/a><\/li>\n\n\n\n<li><a>Safari<\/a><\/li>\n\n\n\n<li><a>Firefox<\/a><\/li>\n\n\n\n<li><a>Kante<\/a><\/li>\n<\/ul>\n\n\n\n<h2 class=\"wp-block-heading\">10. Kontakt<\/h2>\n\n\n\n<p>Bei Fragen zu dieser Datenschutzrichtlinie oder unserer Verarbeitung personenbezogener Daten:<\/p>\n\n\n\n<p><strong>E-Mail:<\/strong> info@mmetal.se<br><strong>Telefon:<\/strong> +46 250 394 00<br><strong>Adresse:<\/strong> Norv\u00e4gen 6, 792 32 Mora<\/p>","protected":false},"excerpt":{"rendered":"<p>Last updated: 12 August 2025 Mattsson Metal AB respects your privacy and always complies with applicable laws, including the EU General Data Protection Regulation (GDPR). This Privacy Policy explains how we collect, use, store, and protect your personal data. 1. Data Controller Mattsson Metal AB (VAT. No. [SE556049035001) is the data controller for the processing [&hellip;]<\/p>\n","protected":false},"author":1,"featured_media":0,"parent":0,"menu_order":0,"comment_status":"closed","ping_status":"open","template":"","meta":{"footnotes":""},"class_list":["post-3","page","type-page","status-publish","hentry"],"yoast_head":"<!-- This site is optimized with the Yoast SEO plugin v27.0 - https:\/\/yoast.com\/product\/yoast-seo-wordpress\/ -->\n<title>Privacy Policy - Mattsson Metal<\/title>\n<meta name=\"robots\" content=\"index, follow, max-snippet:-1, max-image-preview:large, max-video-preview:-1\" \/>\n<link rel=\"canonical\" href=\"https:\/\/mmetal.se\/de\/datenschutzbestimmungen\/\" \/>\n<meta property=\"og:locale\" content=\"de_DE\" \/>\n<meta property=\"og:type\" content=\"article\" \/>\n<meta property=\"og:title\" content=\"Privacy Policy - Mattsson Metal\" \/>\n<meta property=\"og:description\" content=\"Last updated: 12 August 2025 Mattsson Metal AB respects your privacy and always complies with applicable laws, including the EU General Data Protection Regulation (GDPR). This Privacy Policy explains how we collect, use, store, and protect your personal data. 1. Data Controller Mattsson Metal AB (VAT. No. [SE556049035001) is the data controller for the processing [&hellip;]\" \/>\n<meta property=\"og:url\" content=\"https:\/\/mmetal.se\/de\/datenschutzbestimmungen\/\" \/>\n<meta property=\"og:site_name\" content=\"Mattsson Metal\" \/>\n<meta property=\"article:modified_time\" content=\"2025-08-12T09:20:56+00:00\" \/>\n<meta name=\"twitter:card\" content=\"summary_large_image\" \/>\n<meta name=\"twitter:label1\" content=\"Gesch\u00e4tzte Lesezeit\" \/>\n\t<meta name=\"twitter:data1\" content=\"4\u00a0Minuten\" \/>\n<script type=\"application\/ld+json\" class=\"yoast-schema-graph\">{\"@context\":\"https:\/\/schema.org\",\"@graph\":[{\"@type\":\"WebPage\",\"@id\":\"https:\/\/mmetal.se\/privacy-policy\/\",\"url\":\"https:\/\/mmetal.se\/privacy-policy\/\",\"name\":\"Privacy Policy - Mattsson Metal\",\"isPartOf\":{\"@id\":\"https:\/\/mmetal.se\/#website\"},\"datePublished\":\"2025-03-21T23:12:48+00:00\",\"dateModified\":\"2025-08-12T09:20:56+00:00\",\"breadcrumb\":{\"@id\":\"https:\/\/mmetal.se\/privacy-policy\/#breadcrumb\"},\"inLanguage\":\"de\",\"potentialAction\":[{\"@type\":\"ReadAction\",\"target\":[\"https:\/\/mmetal.se\/privacy-policy\/\"]}]},{\"@type\":\"BreadcrumbList\",\"@id\":\"https:\/\/mmetal.se\/privacy-policy\/#breadcrumb\",\"itemListElement\":[{\"@type\":\"ListItem\",\"position\":1,\"name\":\"Home\",\"item\":\"https:\/\/mmetal.se\/\"},{\"@type\":\"ListItem\",\"position\":2,\"name\":\"Privacy Policy\"}]},{\"@type\":\"WebSite\",\"@id\":\"https:\/\/mmetal.se\/#website\",\"url\":\"https:\/\/mmetal.se\/\",\"name\":\"Mattsson Metal\",\"description\":\"Nordic leading manufacturers of hot pressed metal parts of the highest quality.\",\"publisher\":{\"@id\":\"https:\/\/mmetal.se\/#organization\"},\"potentialAction\":[{\"@type\":\"SearchAction\",\"target\":{\"@type\":\"EntryPoint\",\"urlTemplate\":\"https:\/\/mmetal.se\/?s={search_term_string}\"},\"query-input\":{\"@type\":\"PropertyValueSpecification\",\"valueRequired\":true,\"valueName\":\"search_term_string\"}}],\"inLanguage\":\"de\"},{\"@type\":\"Organization\",\"@id\":\"https:\/\/mmetal.se\/#organization\",\"name\":\"Mattsson Metal\",\"url\":\"https:\/\/mmetal.se\/\",\"logo\":{\"@type\":\"ImageObject\",\"inLanguage\":\"de\",\"@id\":\"https:\/\/mmetal.se\/#\/schema\/logo\/image\/\",\"url\":\"https:\/\/mmetal.se\/wp-content\/uploads\/2025\/04\/vector-modified-B5A480.svg\",\"contentUrl\":\"https:\/\/mmetal.se\/wp-content\/uploads\/2025\/04\/vector-modified-B5A480.svg\",\"width\":246,\"height\":42,\"caption\":\"Mattsson Metal\"},\"image\":{\"@id\":\"https:\/\/mmetal.se\/#\/schema\/logo\/image\/\"}}]}<\/script>\n<!-- \/ Yoast SEO plugin. -->","yoast_head_json":{"title":"Datenschutzerkl\u00e4rung - Mattsson Metal","robots":{"index":"index","follow":"follow","max-snippet":"max-snippet:-1","max-image-preview":"max-image-preview:large","max-video-preview":"max-video-preview:-1"},"canonical":"https:\/\/mmetal.se\/de\/datenschutzbestimmungen\/","og_locale":"de_DE","og_type":"article","og_title":"Privacy Policy - Mattsson Metal","og_description":"Last updated: 12 August 2025 Mattsson Metal AB respects your privacy and always complies with applicable laws, including the EU General Data Protection Regulation (GDPR). This Privacy Policy explains how we collect, use, store, and protect your personal data. 1. Data Controller Mattsson Metal AB (VAT. No. [SE556049035001) is the data controller for the processing [&hellip;]","og_url":"https:\/\/mmetal.se\/de\/datenschutzbestimmungen\/","og_site_name":"Mattsson Metal","article_modified_time":"2025-08-12T09:20:56+00:00","twitter_card":"summary_large_image","twitter_misc":{"Gesch\u00e4tzte Lesezeit":"4\u00a0Minuten"},"schema":{"@context":"https:\/\/schema.org","@graph":[{"@type":"WebPage","@id":"https:\/\/mmetal.se\/privacy-policy\/","url":"https:\/\/mmetal.se\/privacy-policy\/","name":"Datenschutzerkl\u00e4rung - Mattsson Metal","isPartOf":{"@id":"https:\/\/mmetal.se\/#website"},"datePublished":"2025-03-21T23:12:48+00:00","dateModified":"2025-08-12T09:20:56+00:00","breadcrumb":{"@id":"https:\/\/mmetal.se\/privacy-policy\/#breadcrumb"},"inLanguage":"de","potentialAction":[{"@type":"ReadAction","target":["https:\/\/mmetal.se\/privacy-policy\/"]}]},{"@type":"BreadcrumbList","@id":"https:\/\/mmetal.se\/privacy-policy\/#breadcrumb","itemListElement":[{"@type":"ListItem","position":1,"name":"Home","item":"https:\/\/mmetal.se\/"},{"@type":"ListItem","position":2,"name":"Privacy Policy"}]},{"@type":"WebSite","@id":"https:\/\/mmetal.se\/#website","url":"https:\/\/mmetal.se\/","name":"Mattsson Metal","description":"F\u00fchrende nordische Hersteller von warmgepressten Metallteilen von h\u00f6chster Qualit\u00e4t.","publisher":{"@id":"https:\/\/mmetal.se\/#organization"},"potentialAction":[{"@type":"SearchAction","target":{"@type":"EntryPoint","urlTemplate":"https:\/\/mmetal.se\/?s={search_term_string}"},"query-input":{"@type":"PropertyValueSpecification","valueRequired":true,"valueName":"search_term_string"}}],"inLanguage":"de"},{"@type":"Organization","@id":"https:\/\/mmetal.se\/#organization","name":"Mattsson Metal","url":"https:\/\/mmetal.se\/","logo":{"@type":"ImageObject","inLanguage":"de","@id":"https:\/\/mmetal.se\/#\/schema\/logo\/image\/","url":"https:\/\/mmetal.se\/wp-content\/uploads\/2025\/04\/vector-modified-B5A480.svg","contentUrl":"https:\/\/mmetal.se\/wp-content\/uploads\/2025\/04\/vector-modified-B5A480.svg","width":246,"height":42,"caption":"Mattsson Metal"},"image":{"@id":"https:\/\/mmetal.se\/#\/schema\/logo\/image\/"}}]}},"_links":{"self":[{"href":"https:\/\/mmetal.se\/de\/wp-json\/wp\/v2\/pages\/3","targetHints":{"allow":["GET"]}}],"collection":[{"href":"https:\/\/mmetal.se\/de\/wp-json\/wp\/v2\/pages"}],"about":[{"href":"https:\/\/mmetal.se\/de\/wp-json\/wp\/v2\/types\/page"}],"author":[{"embeddable":true,"href":"https:\/\/mmetal.se\/de\/wp-json\/wp\/v2\/users\/1"}],"replies":[{"embeddable":true,"href":"https:\/\/mmetal.se\/de\/wp-json\/wp\/v2\/comments?post=3"}],"version-history":[{"count":7,"href":"https:\/\/mmetal.se\/de\/wp-json\/wp\/v2\/pages\/3\/revisions"}],"predecessor-version":[{"id":2679,"href":"https:\/\/mmetal.se\/de\/wp-json\/wp\/v2\/pages\/3\/revisions\/2679"}],"wp:attachment":[{"href":"https:\/\/mmetal.se\/de\/wp-json\/wp\/v2\/media?parent=3"}],"curies":[{"name":"wp","href":"https:\/\/api.w.org\/{rel}","templated":true}]}}