{"id":3007,"date":"2025-11-14T16:29:39","date_gmt":"2025-11-14T15:29:39","guid":{"rendered":"https:\/\/mmetal.se\/?page_id=3007"},"modified":"2025-11-14T16:32:41","modified_gmt":"2025-11-14T15:32:41","slug":"cw713r-cuzn37mn3al2pbsi","status":"publish","type":"page","link":"https:\/\/mmetal.se\/de\/cw713r-cuzn37mn3al2pbsi\/","title":{"rendered":"CW713R, CuZn37Mn3Al2PbSi"},"content":{"rendered":"\t\t<div data-elementor-type=\"wp-page\" data-elementor-id=\"3007\" class=\"elementor elementor-3007\" data-elementor-post-type=\"page\">\n\t\t\t\t<div class=\"elementor-element elementor-element-310f356 e-con-full e-flex e-con e-parent\" data-id=\"310f356\" data-element_type=\"container\" data-e-type=\"container\" data-settings=\"{&quot;background_background&quot;:&quot;classic&quot;,&quot;jet_parallax_layout_list&quot;:[]}\">\n\t\t<div class=\"elementor-element elementor-element-2502661 e-con-full e-flex elementor-invisible e-con e-child\" data-id=\"2502661\" data-element_type=\"container\" data-e-type=\"container\" data-settings=\"{&quot;animation&quot;:&quot;fadeIn&quot;,&quot;jet_parallax_layout_list&quot;:[]}\">\n\t\t\t\t<div class=\"elementor-element elementor-element-5327728 elementor-widget elementor-widget-image\" data-id=\"5327728\" data-element_type=\"widget\" data-e-type=\"widget\" data-widget_type=\"image.default\">\n\t\t\t\t<div class=\"elementor-widget-container\">\n\t\t\t\t\t\t\t\t\t\t\t\t\t\t\t<img fetchpriority=\"high\" decoding=\"async\" width=\"749\" height=\"500\" src=\"https:\/\/mmetal.se\/wp-content\/uploads\/2025\/11\/CW713R-CuZn37Mn3Al2PbSi.jpg\" class=\"attachment-full size-full wp-image-3009\" alt=\"CW713R, CuZn37Mn3Al2PbSi (High-Strength Manganese Brass)\" srcset=\"https:\/\/mmetal.se\/wp-content\/uploads\/2025\/11\/CW713R-CuZn37Mn3Al2PbSi.jpg 749w, https:\/\/mmetal.se\/wp-content\/uploads\/2025\/11\/CW713R-CuZn37Mn3Al2PbSi-300x200.jpg 300w, https:\/\/mmetal.se\/wp-content\/uploads\/2025\/11\/CW713R-CuZn37Mn3Al2PbSi-18x12.jpg 18w\" sizes=\"(max-width: 749px) 100vw, 749px\" \/>\t\t\t\t\t\t\t\t\t\t\t\t\t\t\t<\/div>\n\t\t\t\t<\/div>\n\t\t\t\t<\/div>\n\t\t<div class=\"elementor-element elementor-element-a2f59fa e-con-full e-flex elementor-invisible e-con e-child\" data-id=\"a2f59fa\" data-element_type=\"container\" data-e-type=\"container\" data-settings=\"{&quot;animation&quot;:&quot;fadeIn&quot;,&quot;animation_delay&quot;:600,&quot;jet_parallax_layout_list&quot;:[]}\">\n\t\t\t\t<div class=\"elementor-element elementor-element-ddc1845 elementor-widget elementor-widget-heading\" data-id=\"ddc1845\" data-element_type=\"widget\" data-e-type=\"widget\" data-widget_type=\"heading.default\">\n\t\t\t\t<div class=\"elementor-widget-container\">\n\t\t\t\t\t<h2 class=\"elementor-heading-title elementor-size-default\">High-Strength Manganese Brass<\/h2>\t\t\t\t<\/div>\n\t\t\t\t<\/div>\n\t\t\t\t<div class=\"elementor-element elementor-element-4850226 elementor-widget elementor-widget-heading\" data-id=\"4850226\" data-element_type=\"widget\" data-e-type=\"widget\" data-widget_type=\"heading.default\">\n\t\t\t\t<div class=\"elementor-widget-container\">\n\t\t\t\t\t<h1 class=\"elementor-heading-title elementor-size-default\">CW713R, CuZn37Mn3Al2PbSi<\/h1>\t\t\t\t<\/div>\n\t\t\t\t<\/div>\n\t\t\t\t<div class=\"elementor-element elementor-element-82f5842 elementor-widget elementor-widget-text-editor\" data-id=\"82f5842\" data-element_type=\"widget\" data-e-type=\"widget\" data-widget_type=\"text-editor.default\">\n\t\t\t\t<div class=\"elementor-widget-container\">\n\t\t\t\t\t\t\t\t\t<p>CW713R, designated CuZn37Mn3Al2PbSi, is a high-strength brass alloy engineered for applications requiring excellent wear resistance and mechanical durability. The alloy combines manganese, aluminium, lead, and silicon to deliver superior strength compared to standard brasses, making it well suited for demanding mechanical components.<\/p><p>Typical applications include gears, transmission parts, shift mechanisms, and other components exposed to friction, load, and continuous mechanical stress. Its robustness and long service life make CW713R a preferred choice in environments where reliability and strength are critical.<\/p><p>CW713R is <strong>not<\/strong> dezincification-resistant and should therefore not be used in aggressive or water-exposed corrosive environments.<\/p>\t\t\t\t\t\t\t\t<\/div>\n\t\t\t\t<\/div>\n\t\t\t\t<\/div>\n\t\t\t\t<\/div>\n\t\t<div class=\"elementor-element elementor-element-a3e56c0 e-flex e-con-boxed e-con e-parent\" data-id=\"a3e56c0\" data-element_type=\"container\" data-e-type=\"container\" data-settings=\"{&quot;jet_parallax_layout_list&quot;:[]}\">\n\t\t\t\t\t<div class=\"e-con-inner\">\n\t\t\t\t<div class=\"elementor-element elementor-element-a2cbfa4 elementor-widget elementor-widget-text-editor\" data-id=\"a2cbfa4\" data-element_type=\"widget\" data-e-type=\"widget\" data-widget_type=\"text-editor.default\">\n\t\t\t\t<div class=\"elementor-widget-container\">\n\t\t\t\t\t\t\t\t\tWith decades of expertise and cutting-edge technology, we produce high-quality parts that ensure durability, strength, and optimal performance. We work with brass, copper and aluminium in numerous different business areas. For example, Automotive, Electrical, Sanitary, Telecom, HVAC, Valves, Fittings.\t\t\t\t\t\t\t\t<\/div>\n\t\t\t\t<\/div>\n\t\t\t\t<div class=\"elementor-element elementor-element-4afd789 elementor-widget elementor-widget-button\" data-id=\"4afd789\" data-element_type=\"widget\" data-e-type=\"widget\" data-widget_type=\"button.default\">\n\t\t\t\t<div class=\"elementor-widget-container\">\n\t\t\t\t\t\t\t\t\t<div class=\"elementor-button-wrapper\">\n\t\t\t\t\t<a class=\"elementor-button elementor-button-link elementor-size-sm\" href=\"https:\/\/mmetal.se\/products-services\/\">\n\t\t\t\t\t\t<span class=\"elementor-button-content-wrapper\">\n\t\t\t\t\t\t\t\t\t<span class=\"elementor-button-text\">Read more!<\/span>\n\t\t\t\t\t<\/span>\n\t\t\t\t\t<\/a>\n\t\t\t\t<\/div>\n\t\t\t\t\t\t\t\t<\/div>\n\t\t\t\t<\/div>\n\t\t\t\t\t<\/div>\n\t\t\t\t<\/div>\n\t\t<div class=\"elementor-element elementor-element-99ca769 e-con-full e-flex e-con e-parent\" data-id=\"99ca769\" data-element_type=\"container\" data-e-type=\"container\" data-settings=\"{&quot;background_background&quot;:&quot;classic&quot;,&quot;jet_parallax_layout_list&quot;:[]}\">\n\t\t<div class=\"elementor-element elementor-element-3304e66 e-con-full e-flex elementor-invisible e-con e-child\" data-id=\"3304e66\" data-element_type=\"container\" data-e-type=\"container\" data-settings=\"{&quot;animation&quot;:&quot;fadeIn&quot;,&quot;animation_delay&quot;:600,&quot;jet_parallax_layout_list&quot;:[]}\">\n\t\t\t\t<div class=\"elementor-element elementor-element-bd67082 elementor-widget elementor-widget-heading\" data-id=\"bd67082\" data-element_type=\"widget\" data-e-type=\"widget\" data-widget_type=\"heading.default\">\n\t\t\t\t<div class=\"elementor-widget-container\">\n\t\t\t\t\t<h2 class=\"elementor-heading-title elementor-size-default\">Let\u2019s connect <\/h2>\t\t\t\t<\/div>\n\t\t\t\t<\/div>\n\t\t\t\t<div class=\"elementor-element elementor-element-9d27462 elementor-widget elementor-widget-text-editor\" data-id=\"9d27462\" data-element_type=\"widget\" data-e-type=\"widget\" data-widget_type=\"text-editor.default\">\n\t\t\t\t<div class=\"elementor-widget-container\">\n\t\t\t\t\t\t\t\t\tAt Mattsson Metal, we specialise in manufacturing precision-engineered metal components tailored to meet the demands of various industries. Discover how Mattsson Metal can support your business with superior metal components.\t\t\t\t\t\t\t\t<\/div>\n\t\t\t\t<\/div>\n\t\t\t\t<div class=\"elementor-element elementor-element-f32697a elementor-button-align-start elementor-mobile-button-align-stretch elementor-widget elementor-widget-form\" data-id=\"f32697a\" data-element_type=\"widget\" data-e-type=\"widget\" data-settings=\"{&quot;step_next_label&quot;:&quot;Next&quot;,&quot;step_previous_label&quot;:&quot;Previous&quot;,&quot;button_width&quot;:&quot;100&quot;,&quot;step_type&quot;:&quot;number_text&quot;,&quot;step_icon_shape&quot;:&quot;circle&quot;}\" data-widget_type=\"form.default\">\n\t\t\t\t<div class=\"elementor-widget-container\">\n\t\t\t\t\t\t\t<form class=\"elementor-form\" method=\"post\" name=\"New Form\" aria-label=\"New Form\">\n\t\t\t<input type=\"hidden\" name=\"post_id\" value=\"3007\"\/>\n\t\t\t<input type=\"hidden\" name=\"form_id\" value=\"f32697a\"\/>\n\t\t\t<input type=\"hidden\" name=\"referer_title\" value=\"CW713R (CuZn37Mn3Al2PbSi) | Manganese Brass - Mattsson Metal\" \/>\n\n\t\t\t\t\t\t\t<input type=\"hidden\" name=\"queried_id\" value=\"3007\"\/>\n\t\t\t\n\t\t\t<div class=\"elementor-form-fields-wrapper elementor-labels-\">\n\t\t\t\t\t\t\t\t<div class=\"elementor-field-type-text elementor-field-group elementor-column elementor-field-group-field_d5ff888 elementor-col-50\">\n\t\t\t\t\t\t\t\t\t\t\t\t<label for=\"form-field-field_d5ff888\" class=\"elementor-field-label elementor-screen-only\">\n\t\t\t\t\t\t\t\tFirst Name\t\t\t\t\t\t\t<\/label>\n\t\t\t\t\t\t\t\t\t\t\t\t\t\t<input size=\"1\" type=\"text\" name=\"form_fields[field_d5ff888]\" id=\"form-field-field_d5ff888\" class=\"elementor-field elementor-size-sm  elementor-field-textual\" placeholder=\"First Name\">\n\t\t\t\t\t\t\t\t\t\t\t<\/div>\n\t\t\t\t\t\t\t\t<div class=\"elementor-field-type-text elementor-field-group elementor-column elementor-field-group-name elementor-col-50\">\n\t\t\t\t\t\t\t\t\t\t\t\t<label for=\"form-field-name\" class=\"elementor-field-label elementor-screen-only\">\n\t\t\t\t\t\t\t\tLast Name\t\t\t\t\t\t\t<\/label>\n\t\t\t\t\t\t\t\t\t\t\t\t\t\t<input size=\"1\" type=\"text\" name=\"form_fields[name]\" id=\"form-field-name\" class=\"elementor-field elementor-size-sm  elementor-field-textual\" placeholder=\"Last Name\">\n\t\t\t\t\t\t\t\t\t\t\t<\/div>\n\t\t\t\t\t\t\t\t<div class=\"elementor-field-type-email elementor-field-group elementor-column elementor-field-group-email elementor-col-100 elementor-field-required\">\n\t\t\t\t\t\t\t\t\t\t\t\t<label for=\"form-field-email\" class=\"elementor-field-label elementor-screen-only\">\n\t\t\t\t\t\t\t\tEmail\t\t\t\t\t\t\t<\/label>\n\t\t\t\t\t\t\t\t\t\t\t\t\t\t<input size=\"1\" type=\"email\" name=\"form_fields[email]\" id=\"form-field-email\" class=\"elementor-field elementor-size-sm  elementor-field-textual\" placeholder=\"Email\" required=\"required\">\n\t\t\t\t\t\t\t\t\t\t\t<\/div>\n\t\t\t\t\t\t\t\t<div class=\"elementor-field-type-tel elementor-field-group elementor-column elementor-field-group-field_33cfe26 elementor-col-100 elementor-field-required\">\n\t\t\t\t\t\t\t\t\t\t\t\t<label for=\"form-field-field_33cfe26\" class=\"elementor-field-label elementor-screen-only\">\n\t\t\t\t\t\t\t\tPhone Number\t\t\t\t\t\t\t<\/label>\n\t\t\t\t\t\t\t\t<input size=\"1\" type=\"tel\" name=\"form_fields[field_33cfe26]\" id=\"form-field-field_33cfe26\" class=\"elementor-field elementor-size-sm  elementor-field-textual\" placeholder=\"Phone Number\" required=\"required\" pattern=\"[0-9()#&amp;+*-=.]+\" title=\"Endast siffror och telefontecken (#, -, *, etc) accepteras.\">\n\n\t\t\t\t\t\t<\/div>\n\t\t\t\t\t\t\t\t<div class=\"elementor-field-type-textarea elementor-field-group elementor-column elementor-field-group-message elementor-col-100\">\n\t\t\t\t\t\t\t\t\t\t\t\t<label for=\"form-field-message\" class=\"elementor-field-label elementor-screen-only\">\n\t\t\t\t\t\t\t\tMessage\t\t\t\t\t\t\t<\/label>\n\t\t\t\t\t\t<textarea class=\"elementor-field-textual elementor-field  elementor-size-sm\" name=\"form_fields[message]\" id=\"form-field-message\" rows=\"4\" placeholder=\"Message\"><\/textarea>\t\t\t\t<\/div>\n\t\t\t\t\t\t\t\t<div class=\"elementor-field-type-recaptcha_v3 elementor-field-group elementor-column elementor-field-group-field_0da1b5f elementor-col-100 recaptcha_v3-bottomright\">\n\t\t\t\t\t<div class=\"elementor-field\" id=\"form-field-field_0da1b5f\"><div class=\"elementor-g-recaptcha\" data-sitekey=\"6Ldf3XUrAAAAAMlSz_XRnYJcUFhqaLuixKaB5amD\" data-type=\"v3\" data-action=\"Form\" data-badge=\"bottomright\" data-size=\"invisible\"><\/div><\/div>\t\t\t\t<\/div>\n\t\t\t\t\t\t\t\t<div class=\"elementor-field-group elementor-column elementor-field-type-submit elementor-col-100 e-form__buttons\">\n\t\t\t\t\t<button class=\"elementor-button elementor-size-sm\" type=\"submit\">\n\t\t\t\t\t\t<span class=\"elementor-button-content-wrapper\">\n\t\t\t\t\t\t\t\t\t\t\t\t\t\t\t<span class=\"elementor-button-icon\">\n\t\t\t\t\t\t\t\t\t<svg xmlns=\"http:\/\/www.w3.org\/2000\/svg\" width=\"12\" height=\"12\" viewBox=\"0 0 12 12\" fill=\"currentColor\"><path d=\"M9.13125 6.75H0V5.25H9.13125L4.93125 1.05L6 0L12 6L6 12L4.93125 10.95L9.13125 6.75Z\" fill=\"currentColor\"><\/path><\/svg>\t\t\t\t\t\t\t\t\t\t\t\t\t\t\t\t\t<\/span>\n\t\t\t\t\t\t\t\t\t\t\t\t\t\t\t\t\t\t\t\t\t\t<span class=\"elementor-button-text\">Send<\/span>\n\t\t\t\t\t\t\t\t\t\t\t\t\t<\/span>\n\t\t\t\t\t<\/button>\n\t\t\t\t<\/div>\n\t\t\t<\/div>\n\t\t<\/form>\n\t\t\t\t\t\t<\/div>\n\t\t\t\t<\/div>\n\t\t\t\t<\/div>\n\t\t<div class=\"elementor-element elementor-element-abffbd8 e-con-full e-flex elementor-invisible e-con e-child\" data-id=\"abffbd8\" data-element_type=\"container\" data-e-type=\"container\" data-settings=\"{&quot;animation&quot;:&quot;fadeInLeft&quot;,&quot;jet_parallax_layout_list&quot;:[]}\">\n\t\t\t\t<div class=\"elementor-element elementor-element-9386799 elementor-widget elementor-widget-image\" data-id=\"9386799\" data-element_type=\"widget\" data-e-type=\"widget\" data-widget_type=\"image.default\">\n\t\t\t\t<div class=\"elementor-widget-container\">\n\t\t\t\t\t\t\t\t\t\t\t\t\t\t\t<img decoding=\"async\" width=\"1708\" height=\"2560\" src=\"https:\/\/mmetal.se\/wp-content\/uploads\/2025\/04\/Simon-Andreasson-0M6A8209-scaled.jpg\" class=\"attachment-full size-full wp-image-966\" alt=\"\" srcset=\"https:\/\/mmetal.se\/wp-content\/uploads\/2025\/04\/Simon-Andreasson-0M6A8209-scaled.jpg 1708w, https:\/\/mmetal.se\/wp-content\/uploads\/2025\/04\/Simon-Andreasson-0M6A8209-200x300.jpg 200w, https:\/\/mmetal.se\/wp-content\/uploads\/2025\/04\/Simon-Andreasson-0M6A8209-683x1024.jpg 683w, https:\/\/mmetal.se\/wp-content\/uploads\/2025\/04\/Simon-Andreasson-0M6A8209-768x1151.jpg 768w, https:\/\/mmetal.se\/wp-content\/uploads\/2025\/04\/Simon-Andreasson-0M6A8209-1025x1536.jpg 1025w, https:\/\/mmetal.se\/wp-content\/uploads\/2025\/04\/Simon-Andreasson-0M6A8209-1366x2048.jpg 1366w\" sizes=\"(max-width: 1708px) 100vw, 1708px\" \/>\t\t\t\t\t\t\t\t\t\t\t\t\t\t\t<\/div>\n\t\t\t\t<\/div>\n\t\t\t\t<\/div>\n\t\t\t\t<\/div>\n\t\t\t\t<\/div>\n\t\t","protected":false},"excerpt":{"rendered":"<p>High-Strength Manganese Brass CW713R, CuZn37Mn3Al2PbSi CW713R, designated CuZn37Mn3Al2PbSi, is a high-strength brass alloy engineered for applications requiring excellent wear resistance and mechanical durability. The alloy combines manganese, aluminium, lead, and silicon to deliver superior strength compared to standard brasses, making it well suited for demanding mechanical components. Typical applications include gears, transmission parts, shift mechanisms, [&hellip;]<\/p>\n","protected":false},"author":1,"featured_media":0,"parent":0,"menu_order":0,"comment_status":"closed","ping_status":"closed","template":"","meta":{"footnotes":""},"class_list":["post-3007","page","type-page","status-publish","hentry"],"yoast_head":"<!-- This site is optimized with the Yoast SEO plugin v27.0 - https:\/\/yoast.com\/product\/yoast-seo-wordpress\/ -->\n<title>CW713R (CuZn37Mn3Al2PbSi) | Manganese Brass - Mattsson Metal<\/title>\n<meta name=\"description\" content=\"CW713R (CuZn37Mn3Al2PbSi) is a high-strength brass alloy for gears, transmission parts, and components requiring excellent wear resistance.\" \/>\n<meta name=\"robots\" content=\"index, follow, max-snippet:-1, max-image-preview:large, max-video-preview:-1\" \/>\n<link rel=\"canonical\" href=\"https:\/\/mmetal.se\/de\/cw713r-cuzn37mn3al2pbsi\/\" \/>\n<meta property=\"og:locale\" content=\"de_DE\" \/>\n<meta property=\"og:type\" content=\"article\" \/>\n<meta property=\"og:title\" content=\"CW713R (CuZn37Mn3Al2PbSi) | Manganese Brass - Mattsson Metal\" \/>\n<meta property=\"og:description\" content=\"CW713R (CuZn37Mn3Al2PbSi) is a high-strength brass alloy for gears, transmission parts, and components requiring excellent wear resistance.\" \/>\n<meta property=\"og:url\" content=\"https:\/\/mmetal.se\/de\/cw713r-cuzn37mn3al2pbsi\/\" \/>\n<meta property=\"og:site_name\" content=\"Mattsson Metal\" \/>\n<meta property=\"article:modified_time\" content=\"2025-11-14T15:32:41+00:00\" \/>\n<meta property=\"og:image\" content=\"https:\/\/mmetal.se\/wp-content\/uploads\/2025\/11\/CW713R-CuZn37Mn3Al2PbSi.jpg\" \/>\n<meta name=\"twitter:card\" content=\"summary_large_image\" \/>\n<meta name=\"twitter:label1\" content=\"Gesch\u00e4tzte Lesezeit\" \/>\n\t<meta name=\"twitter:data1\" content=\"2\u00a0Minuten\" \/>\n<script type=\"application\/ld+json\" class=\"yoast-schema-graph\">{\"@context\":\"https:\/\/schema.org\",\"@graph\":[{\"@type\":\"WebPage\",\"@id\":\"https:\/\/mmetal.se\/cw713r-cuzn37mn3al2pbsi\/\",\"url\":\"https:\/\/mmetal.se\/cw713r-cuzn37mn3al2pbsi\/\",\"name\":\"CW713R (CuZn37Mn3Al2PbSi) | Manganese Brass - Mattsson Metal\",\"isPartOf\":{\"@id\":\"https:\/\/mmetal.se\/#website\"},\"primaryImageOfPage\":{\"@id\":\"https:\/\/mmetal.se\/cw713r-cuzn37mn3al2pbsi\/#primaryimage\"},\"image\":{\"@id\":\"https:\/\/mmetal.se\/cw713r-cuzn37mn3al2pbsi\/#primaryimage\"},\"thumbnailUrl\":\"https:\/\/mmetal.se\/wp-content\/uploads\/2025\/11\/CW713R-CuZn37Mn3Al2PbSi.jpg\",\"datePublished\":\"2025-11-14T15:29:39+00:00\",\"dateModified\":\"2025-11-14T15:32:41+00:00\",\"description\":\"CW713R (CuZn37Mn3Al2PbSi) is a high-strength brass alloy for gears, transmission parts, and components requiring excellent wear resistance.\",\"breadcrumb\":{\"@id\":\"https:\/\/mmetal.se\/cw713r-cuzn37mn3al2pbsi\/#breadcrumb\"},\"inLanguage\":\"de\",\"potentialAction\":[{\"@type\":\"ReadAction\",\"target\":[\"https:\/\/mmetal.se\/cw713r-cuzn37mn3al2pbsi\/\"]}]},{\"@type\":\"ImageObject\",\"inLanguage\":\"de\",\"@id\":\"https:\/\/mmetal.se\/cw713r-cuzn37mn3al2pbsi\/#primaryimage\",\"url\":\"https:\/\/mmetal.se\/wp-content\/uploads\/2025\/11\/CW713R-CuZn37Mn3Al2PbSi.jpg\",\"contentUrl\":\"https:\/\/mmetal.se\/wp-content\/uploads\/2025\/11\/CW713R-CuZn37Mn3Al2PbSi.jpg\"},{\"@type\":\"BreadcrumbList\",\"@id\":\"https:\/\/mmetal.se\/cw713r-cuzn37mn3al2pbsi\/#breadcrumb\",\"itemListElement\":[{\"@type\":\"ListItem\",\"position\":1,\"name\":\"Home\",\"item\":\"https:\/\/mmetal.se\/\"},{\"@type\":\"ListItem\",\"position\":2,\"name\":\"CW713R, CuZn37Mn3Al2PbSi\"}]},{\"@type\":\"WebSite\",\"@id\":\"https:\/\/mmetal.se\/#website\",\"url\":\"https:\/\/mmetal.se\/\",\"name\":\"Mattsson Metal\",\"description\":\"Nordic leading manufacturers of hot pressed metal parts of the highest quality.\",\"publisher\":{\"@id\":\"https:\/\/mmetal.se\/#organization\"},\"potentialAction\":[{\"@type\":\"SearchAction\",\"target\":{\"@type\":\"EntryPoint\",\"urlTemplate\":\"https:\/\/mmetal.se\/?s={search_term_string}\"},\"query-input\":{\"@type\":\"PropertyValueSpecification\",\"valueRequired\":true,\"valueName\":\"search_term_string\"}}],\"inLanguage\":\"de\"},{\"@type\":\"Organization\",\"@id\":\"https:\/\/mmetal.se\/#organization\",\"name\":\"Mattsson Metal\",\"url\":\"https:\/\/mmetal.se\/\",\"logo\":{\"@type\":\"ImageObject\",\"inLanguage\":\"de\",\"@id\":\"https:\/\/mmetal.se\/#\/schema\/logo\/image\/\",\"url\":\"https:\/\/mmetal.se\/wp-content\/uploads\/2025\/04\/vector-modified-B5A480.svg\",\"contentUrl\":\"https:\/\/mmetal.se\/wp-content\/uploads\/2025\/04\/vector-modified-B5A480.svg\",\"width\":246,\"height\":42,\"caption\":\"Mattsson Metal\"},\"image\":{\"@id\":\"https:\/\/mmetal.se\/#\/schema\/logo\/image\/\"}}]}<\/script>\n<!-- \/ Yoast SEO plugin. -->","yoast_head_json":{"title":"CW713R (CuZn37Mn3Al2PbSi) | Mangan-Messing - Mattsson Metal","description":"CW713R (CuZn37Mn3Al2PbSi) ist eine hochfeste Messinglegierung f\u00fcr Zahnr\u00e4der, Getriebeteile und Komponenten, die eine ausgezeichnete Verschlei\u00dffestigkeit erfordern.","robots":{"index":"index","follow":"follow","max-snippet":"max-snippet:-1","max-image-preview":"max-image-preview:large","max-video-preview":"max-video-preview:-1"},"canonical":"https:\/\/mmetal.se\/de\/cw713r-cuzn37mn3al2pbsi\/","og_locale":"de_DE","og_type":"article","og_title":"CW713R (CuZn37Mn3Al2PbSi) | Manganese Brass - Mattsson Metal","og_description":"CW713R (CuZn37Mn3Al2PbSi) is a high-strength brass alloy for gears, transmission parts, and components requiring excellent wear resistance.","og_url":"https:\/\/mmetal.se\/de\/cw713r-cuzn37mn3al2pbsi\/","og_site_name":"Mattsson Metal","article_modified_time":"2025-11-14T15:32:41+00:00","og_image":[{"url":"https:\/\/mmetal.se\/wp-content\/uploads\/2025\/11\/CW713R-CuZn37Mn3Al2PbSi.jpg","type":"","width":"","height":""}],"twitter_card":"summary_large_image","twitter_misc":{"Gesch\u00e4tzte Lesezeit":"2\u00a0Minuten"},"schema":{"@context":"https:\/\/schema.org","@graph":[{"@type":"WebPage","@id":"https:\/\/mmetal.se\/cw713r-cuzn37mn3al2pbsi\/","url":"https:\/\/mmetal.se\/cw713r-cuzn37mn3al2pbsi\/","name":"CW713R (CuZn37Mn3Al2PbSi) | Mangan-Messing - Mattsson Metal","isPartOf":{"@id":"https:\/\/mmetal.se\/#website"},"primaryImageOfPage":{"@id":"https:\/\/mmetal.se\/cw713r-cuzn37mn3al2pbsi\/#primaryimage"},"image":{"@id":"https:\/\/mmetal.se\/cw713r-cuzn37mn3al2pbsi\/#primaryimage"},"thumbnailUrl":"https:\/\/mmetal.se\/wp-content\/uploads\/2025\/11\/CW713R-CuZn37Mn3Al2PbSi.jpg","datePublished":"2025-11-14T15:29:39+00:00","dateModified":"2025-11-14T15:32:41+00:00","description":"CW713R (CuZn37Mn3Al2PbSi) ist eine hochfeste Messinglegierung f\u00fcr Zahnr\u00e4der, Getriebeteile und Komponenten, die eine ausgezeichnete Verschlei\u00dffestigkeit erfordern.","breadcrumb":{"@id":"https:\/\/mmetal.se\/cw713r-cuzn37mn3al2pbsi\/#breadcrumb"},"inLanguage":"de","potentialAction":[{"@type":"ReadAction","target":["https:\/\/mmetal.se\/cw713r-cuzn37mn3al2pbsi\/"]}]},{"@type":"ImageObject","inLanguage":"de","@id":"https:\/\/mmetal.se\/cw713r-cuzn37mn3al2pbsi\/#primaryimage","url":"https:\/\/mmetal.se\/wp-content\/uploads\/2025\/11\/CW713R-CuZn37Mn3Al2PbSi.jpg","contentUrl":"https:\/\/mmetal.se\/wp-content\/uploads\/2025\/11\/CW713R-CuZn37Mn3Al2PbSi.jpg"},{"@type":"BreadcrumbList","@id":"https:\/\/mmetal.se\/cw713r-cuzn37mn3al2pbsi\/#breadcrumb","itemListElement":[{"@type":"ListItem","position":1,"name":"Home","item":"https:\/\/mmetal.se\/"},{"@type":"ListItem","position":2,"name":"CW713R, CuZn37Mn3Al2PbSi"}]},{"@type":"WebSite","@id":"https:\/\/mmetal.se\/#website","url":"https:\/\/mmetal.se\/","name":"Mattsson Metal","description":"F\u00fchrende nordische Hersteller von warmgepressten Metallteilen von h\u00f6chster Qualit\u00e4t.","publisher":{"@id":"https:\/\/mmetal.se\/#organization"},"potentialAction":[{"@type":"SearchAction","target":{"@type":"EntryPoint","urlTemplate":"https:\/\/mmetal.se\/?s={search_term_string}"},"query-input":{"@type":"PropertyValueSpecification","valueRequired":true,"valueName":"search_term_string"}}],"inLanguage":"de"},{"@type":"Organization","@id":"https:\/\/mmetal.se\/#organization","name":"Mattsson Metal","url":"https:\/\/mmetal.se\/","logo":{"@type":"ImageObject","inLanguage":"de","@id":"https:\/\/mmetal.se\/#\/schema\/logo\/image\/","url":"https:\/\/mmetal.se\/wp-content\/uploads\/2025\/04\/vector-modified-B5A480.svg","contentUrl":"https:\/\/mmetal.se\/wp-content\/uploads\/2025\/04\/vector-modified-B5A480.svg","width":246,"height":42,"caption":"Mattsson Metal"},"image":{"@id":"https:\/\/mmetal.se\/#\/schema\/logo\/image\/"}}]}},"_links":{"self":[{"href":"https:\/\/mmetal.se\/de\/wp-json\/wp\/v2\/pages\/3007","targetHints":{"allow":["GET"]}}],"collection":[{"href":"https:\/\/mmetal.se\/de\/wp-json\/wp\/v2\/pages"}],"about":[{"href":"https:\/\/mmetal.se\/de\/wp-json\/wp\/v2\/types\/page"}],"author":[{"embeddable":true,"href":"https:\/\/mmetal.se\/de\/wp-json\/wp\/v2\/users\/1"}],"replies":[{"embeddable":true,"href":"https:\/\/mmetal.se\/de\/wp-json\/wp\/v2\/comments?post=3007"}],"version-history":[{"count":4,"href":"https:\/\/mmetal.se\/de\/wp-json\/wp\/v2\/pages\/3007\/revisions"}],"predecessor-version":[{"id":3012,"href":"https:\/\/mmetal.se\/de\/wp-json\/wp\/v2\/pages\/3007\/revisions\/3012"}],"wp:attachment":[{"href":"https:\/\/mmetal.se\/de\/wp-json\/wp\/v2\/media?parent=3007"}],"curies":[{"name":"wp","href":"https:\/\/api.w.org\/{rel}","templated":true}]}}