{"id":2946,"date":"2025-10-30T11:32:05","date_gmt":"2025-10-30T10:32:05","guid":{"rendered":"https:\/\/mmetal.se\/?page_id=2946"},"modified":"2025-10-30T12:00:38","modified_gmt":"2025-10-30T11:00:38","slug":"cw511l-cuzn38as-sans-plomb","status":"publish","type":"page","link":"https:\/\/mmetal.se\/fr\/cw511l-cuzn38as-lead-free\/","title":{"rendered":"CW511L, CuZn38As (sans plomb)"},"content":{"rendered":"\t\t<div data-elementor-type=\"wp-page\" data-elementor-id=\"2946\" class=\"elementor elementor-2946\" data-elementor-post-type=\"page\">\n\t\t\t\t<div class=\"elementor-element elementor-element-4473a28 e-con-full e-flex e-con e-parent\" data-id=\"4473a28\" data-element_type=\"container\" data-e-type=\"container\" data-settings=\"{&quot;background_background&quot;:&quot;classic&quot;,&quot;jet_parallax_layout_list&quot;:[]}\">\n\t\t<div class=\"elementor-element elementor-element-537e7a9 e-con-full e-flex elementor-invisible e-con e-child\" data-id=\"537e7a9\" data-element_type=\"container\" data-e-type=\"container\" data-settings=\"{&quot;animation&quot;:&quot;fadeIn&quot;,&quot;jet_parallax_layout_list&quot;:[]}\">\n\t\t\t\t<div class=\"elementor-element elementor-element-2d70527 elementor-widget elementor-widget-image\" data-id=\"2d70527\" data-element_type=\"widget\" data-e-type=\"widget\" data-widget_type=\"image.default\">\n\t\t\t\t<div class=\"elementor-widget-container\">\n\t\t\t\t\t\t\t\t\t\t\t\t\t\t\t<img fetchpriority=\"high\" decoding=\"async\" width=\"782\" height=\"650\" src=\"https:\/\/mmetal.se\/wp-content\/uploads\/2025\/10\/CW511L_CuZn38As.jpg\" class=\"attachment-full size-full wp-image-2952\" alt=\"CW511L, CuZn38As\" srcset=\"https:\/\/mmetal.se\/wp-content\/uploads\/2025\/10\/CW511L_CuZn38As.jpg 782w, https:\/\/mmetal.se\/wp-content\/uploads\/2025\/10\/CW511L_CuZn38As-300x249.jpg 300w, https:\/\/mmetal.se\/wp-content\/uploads\/2025\/10\/CW511L_CuZn38As-768x638.jpg 768w, https:\/\/mmetal.se\/wp-content\/uploads\/2025\/10\/CW511L_CuZn38As-14x12.jpg 14w\" sizes=\"(max-width: 782px) 100vw, 782px\" \/>\t\t\t\t\t\t\t\t\t\t\t\t\t\t\t<\/div>\n\t\t\t\t<\/div>\n\t\t\t\t<\/div>\n\t\t<div class=\"elementor-element elementor-element-b1ce2d9 e-con-full e-flex elementor-invisible e-con e-child\" data-id=\"b1ce2d9\" data-element_type=\"container\" data-e-type=\"container\" data-settings=\"{&quot;animation&quot;:&quot;fadeIn&quot;,&quot;animation_delay&quot;:600,&quot;jet_parallax_layout_list&quot;:[]}\">\n\t\t\t\t<div class=\"elementor-element elementor-element-4f8569a elementor-widget elementor-widget-heading\" data-id=\"4f8569a\" data-element_type=\"widget\" data-e-type=\"widget\" data-widget_type=\"heading.default\">\n\t\t\t\t<div class=\"elementor-widget-container\">\n\t\t\t\t\t<h2 class=\"elementor-heading-title elementor-size-default\">Lead-free<\/h2>\t\t\t\t<\/div>\n\t\t\t\t<\/div>\n\t\t\t\t<div class=\"elementor-element elementor-element-370f779 elementor-widget elementor-widget-heading\" data-id=\"370f779\" data-element_type=\"widget\" data-e-type=\"widget\" data-widget_type=\"heading.default\">\n\t\t\t\t<div class=\"elementor-widget-container\">\n\t\t\t\t\t<h1 class=\"elementor-heading-title elementor-size-default\">CW511L, CuZn38As<\/h1>\t\t\t\t<\/div>\n\t\t\t\t<\/div>\n\t\t\t\t<div class=\"elementor-element elementor-element-eb9f872 elementor-widget elementor-widget-text-editor\" data-id=\"eb9f872\" data-element_type=\"widget\" data-e-type=\"widget\" data-widget_type=\"text-editor.default\">\n\t\t\t\t<div class=\"elementor-widget-container\">\n\t\t\t\t\t\t\t\t\t<p>CW511L, also known as CuZn38As, is a <strong>lead-free brass alloy<\/strong> designed for applications that require <strong>high corrosion resistance<\/strong> and <strong>compliance with drinking water regulations. <\/strong>With its <strong>low lead content<\/strong> and <strong>arsenic addition<\/strong>, the alloy is <strong>dezincification-resistant (DZR)<\/strong>, making it ideal for components exposed to aggressive water environments.<\/p><p>CW511L combines good <strong>mechanical strength<\/strong> with <strong>decent machinability<\/strong>, and can be <strong>hot forged, turned, milled, and shaped<\/strong> into complex parts. It is widely used for <strong>valves, fittings, and other components<\/strong> in the plumbing, heating, and sanitary industries.<\/p><p>This environmentally friendly alloy meets modern <strong>EU drinking water standards<\/strong> and offers a sustainable alternative to traditional free-cutting brasses containing lead.<\/p>\t\t\t\t\t\t\t\t<\/div>\n\t\t\t\t<\/div>\n\t\t\t\t<\/div>\n\t\t\t\t<\/div>\n\t\t<div class=\"elementor-element elementor-element-4512c0a e-flex e-con-boxed e-con e-parent\" data-id=\"4512c0a\" data-element_type=\"container\" data-e-type=\"container\" data-settings=\"{&quot;jet_parallax_layout_list&quot;:[]}\">\n\t\t\t\t\t<div class=\"e-con-inner\">\n\t\t\t\t<div class=\"elementor-element elementor-element-ac2cbf2 elementor-widget elementor-widget-text-editor\" data-id=\"ac2cbf2\" data-element_type=\"widget\" data-e-type=\"widget\" data-widget_type=\"text-editor.default\">\n\t\t\t\t<div class=\"elementor-widget-container\">\n\t\t\t\t\t\t\t\t\tWith decades of expertise and cutting-edge technology, we produce high-quality parts that ensure durability, strength, and optimal performance. We work with brass, copper and aluminium in numerous different business areas. For example, Automotive, Electrical, Sanitary, Telecom, HVAC, Valves, Fittings.\t\t\t\t\t\t\t\t<\/div>\n\t\t\t\t<\/div>\n\t\t\t\t<div class=\"elementor-element elementor-element-d3fd0c0 elementor-widget elementor-widget-button\" data-id=\"d3fd0c0\" data-element_type=\"widget\" data-e-type=\"widget\" data-widget_type=\"button.default\">\n\t\t\t\t<div class=\"elementor-widget-container\">\n\t\t\t\t\t\t\t\t\t<div class=\"elementor-button-wrapper\">\n\t\t\t\t\t<a class=\"elementor-button elementor-button-link elementor-size-sm\" href=\"https:\/\/mmetal.se\/products-services\/\">\n\t\t\t\t\t\t<span class=\"elementor-button-content-wrapper\">\n\t\t\t\t\t\t\t\t\t<span class=\"elementor-button-text\">Read more!<\/span>\n\t\t\t\t\t<\/span>\n\t\t\t\t\t<\/a>\n\t\t\t\t<\/div>\n\t\t\t\t\t\t\t\t<\/div>\n\t\t\t\t<\/div>\n\t\t\t\t\t<\/div>\n\t\t\t\t<\/div>\n\t\t<div class=\"elementor-element elementor-element-5764d6a e-con-full e-flex e-con e-parent\" data-id=\"5764d6a\" data-element_type=\"container\" data-e-type=\"container\" data-settings=\"{&quot;background_background&quot;:&quot;classic&quot;,&quot;jet_parallax_layout_list&quot;:[]}\">\n\t\t<div class=\"elementor-element elementor-element-a956332 e-con-full e-flex elementor-invisible e-con e-child\" data-id=\"a956332\" data-element_type=\"container\" data-e-type=\"container\" data-settings=\"{&quot;animation&quot;:&quot;fadeIn&quot;,&quot;animation_delay&quot;:600,&quot;jet_parallax_layout_list&quot;:[]}\">\n\t\t\t\t<div class=\"elementor-element elementor-element-6a6aa3b elementor-widget elementor-widget-heading\" data-id=\"6a6aa3b\" data-element_type=\"widget\" data-e-type=\"widget\" data-widget_type=\"heading.default\">\n\t\t\t\t<div class=\"elementor-widget-container\">\n\t\t\t\t\t<h2 class=\"elementor-heading-title elementor-size-default\">Let\u2019s connect <\/h2>\t\t\t\t<\/div>\n\t\t\t\t<\/div>\n\t\t\t\t<div class=\"elementor-element elementor-element-7233d76 elementor-widget elementor-widget-text-editor\" data-id=\"7233d76\" data-element_type=\"widget\" data-e-type=\"widget\" data-widget_type=\"text-editor.default\">\n\t\t\t\t<div class=\"elementor-widget-container\">\n\t\t\t\t\t\t\t\t\tAt Mattsson Metal, we specialise in manufacturing precision-engineered metal components tailored to meet the demands of various industries. Discover how Mattsson Metal can support your business with superior metal components.\t\t\t\t\t\t\t\t<\/div>\n\t\t\t\t<\/div>\n\t\t\t\t<div class=\"elementor-element elementor-element-c85d49a elementor-button-align-start elementor-mobile-button-align-stretch elementor-widget elementor-widget-form\" data-id=\"c85d49a\" data-element_type=\"widget\" data-e-type=\"widget\" data-settings=\"{&quot;step_next_label&quot;:&quot;Next&quot;,&quot;step_previous_label&quot;:&quot;Previous&quot;,&quot;button_width&quot;:&quot;100&quot;,&quot;step_type&quot;:&quot;number_text&quot;,&quot;step_icon_shape&quot;:&quot;circle&quot;}\" data-widget_type=\"form.default\">\n\t\t\t\t<div class=\"elementor-widget-container\">\n\t\t\t\t\t\t\t<form class=\"elementor-form\" method=\"post\" name=\"New Form\" aria-label=\"New Form\">\n\t\t\t<input type=\"hidden\" name=\"post_id\" value=\"2946\"\/>\n\t\t\t<input type=\"hidden\" name=\"form_id\" value=\"c85d49a\"\/>\n\t\t\t<input type=\"hidden\" name=\"referer_title\" value=\"CW511L, CuZn38As | Lead-free brass alloy - Mattsson Metal\" \/>\n\n\t\t\t\t\t\t\t<input type=\"hidden\" name=\"queried_id\" value=\"2946\"\/>\n\t\t\t\n\t\t\t<div class=\"elementor-form-fields-wrapper elementor-labels-\">\n\t\t\t\t\t\t\t\t<div class=\"elementor-field-type-text elementor-field-group elementor-column elementor-field-group-field_d5ff888 elementor-col-50\">\n\t\t\t\t\t\t\t\t\t\t\t\t<label for=\"form-field-field_d5ff888\" class=\"elementor-field-label elementor-screen-only\">\n\t\t\t\t\t\t\t\tFirst Name\t\t\t\t\t\t\t<\/label>\n\t\t\t\t\t\t\t\t\t\t\t\t\t\t<input size=\"1\" type=\"text\" name=\"form_fields[field_d5ff888]\" id=\"form-field-field_d5ff888\" class=\"elementor-field elementor-size-sm  elementor-field-textual\" placeholder=\"First Name\">\n\t\t\t\t\t\t\t\t\t\t\t<\/div>\n\t\t\t\t\t\t\t\t<div class=\"elementor-field-type-text elementor-field-group elementor-column elementor-field-group-name elementor-col-50\">\n\t\t\t\t\t\t\t\t\t\t\t\t<label for=\"form-field-name\" class=\"elementor-field-label elementor-screen-only\">\n\t\t\t\t\t\t\t\tLast Name\t\t\t\t\t\t\t<\/label>\n\t\t\t\t\t\t\t\t\t\t\t\t\t\t<input size=\"1\" type=\"text\" name=\"form_fields[name]\" id=\"form-field-name\" class=\"elementor-field elementor-size-sm  elementor-field-textual\" placeholder=\"Last Name\">\n\t\t\t\t\t\t\t\t\t\t\t<\/div>\n\t\t\t\t\t\t\t\t<div class=\"elementor-field-type-email elementor-field-group elementor-column elementor-field-group-email elementor-col-100 elementor-field-required\">\n\t\t\t\t\t\t\t\t\t\t\t\t<label for=\"form-field-email\" class=\"elementor-field-label elementor-screen-only\">\n\t\t\t\t\t\t\t\tEmail\t\t\t\t\t\t\t<\/label>\n\t\t\t\t\t\t\t\t\t\t\t\t\t\t<input size=\"1\" type=\"email\" name=\"form_fields[email]\" id=\"form-field-email\" class=\"elementor-field elementor-size-sm  elementor-field-textual\" placeholder=\"Email\" required=\"required\">\n\t\t\t\t\t\t\t\t\t\t\t<\/div>\n\t\t\t\t\t\t\t\t<div class=\"elementor-field-type-tel elementor-field-group elementor-column elementor-field-group-field_33cfe26 elementor-col-100 elementor-field-required\">\n\t\t\t\t\t\t\t\t\t\t\t\t<label for=\"form-field-field_33cfe26\" class=\"elementor-field-label elementor-screen-only\">\n\t\t\t\t\t\t\t\tPhone Number\t\t\t\t\t\t\t<\/label>\n\t\t\t\t\t\t\t\t<input size=\"1\" type=\"tel\" name=\"form_fields[field_33cfe26]\" id=\"form-field-field_33cfe26\" class=\"elementor-field elementor-size-sm  elementor-field-textual\" placeholder=\"Phone Number\" required=\"required\" pattern=\"[0-9()#&amp;+*-=.]+\" title=\"Only numbers and phone characters (#, -, *, etc) are accepted.\">\n\n\t\t\t\t\t\t<\/div>\n\t\t\t\t\t\t\t\t<div class=\"elementor-field-type-textarea elementor-field-group elementor-column elementor-field-group-message elementor-col-100\">\n\t\t\t\t\t\t\t\t\t\t\t\t<label for=\"form-field-message\" class=\"elementor-field-label elementor-screen-only\">\n\t\t\t\t\t\t\t\tMessage\t\t\t\t\t\t\t<\/label>\n\t\t\t\t\t\t<textarea class=\"elementor-field-textual elementor-field  elementor-size-sm\" name=\"form_fields[message]\" id=\"form-field-message\" rows=\"4\" placeholder=\"Message\"><\/textarea>\t\t\t\t<\/div>\n\t\t\t\t\t\t\t\t<div class=\"elementor-field-type-recaptcha_v3 elementor-field-group elementor-column elementor-field-group-field_0da1b5f elementor-col-100 recaptcha_v3-bottomright\">\n\t\t\t\t\t<div class=\"elementor-field\" id=\"form-field-field_0da1b5f\"><div class=\"elementor-g-recaptcha\" data-sitekey=\"6Ldf3XUrAAAAAMlSz_XRnYJcUFhqaLuixKaB5amD\" data-type=\"v3\" data-action=\"Form\" data-badge=\"bottomright\" data-size=\"invisible\"><\/div><\/div>\t\t\t\t<\/div>\n\t\t\t\t\t\t\t\t<div class=\"elementor-field-group elementor-column elementor-field-type-submit elementor-col-100 e-form__buttons\">\n\t\t\t\t\t<button class=\"elementor-button elementor-size-sm\" type=\"submit\">\n\t\t\t\t\t\t<span class=\"elementor-button-content-wrapper\">\n\t\t\t\t\t\t\t\t\t\t\t\t\t\t\t<span class=\"elementor-button-icon\">\n\t\t\t\t\t\t\t\t\t<svg xmlns=\"http:\/\/www.w3.org\/2000\/svg\" width=\"12\" height=\"12\" viewBox=\"0 0 12 12\" fill=\"currentColor\"><path d=\"M9.13125 6.75H0V5.25H9.13125L4.93125 1.05L6 0L12 6L6 12L4.93125 10.95L9.13125 6.75Z\" fill=\"currentColor\"><\/path><\/svg>\t\t\t\t\t\t\t\t\t\t\t\t\t\t\t\t\t<\/span>\n\t\t\t\t\t\t\t\t\t\t\t\t\t\t\t\t\t\t\t\t\t\t<span class=\"elementor-button-text\">Send<\/span>\n\t\t\t\t\t\t\t\t\t\t\t\t\t<\/span>\n\t\t\t\t\t<\/button>\n\t\t\t\t<\/div>\n\t\t\t<\/div>\n\t\t<\/form>\n\t\t\t\t\t\t<\/div>\n\t\t\t\t<\/div>\n\t\t\t\t<\/div>\n\t\t<div class=\"elementor-element elementor-element-224f513 e-con-full e-flex elementor-invisible e-con e-child\" data-id=\"224f513\" data-element_type=\"container\" data-e-type=\"container\" data-settings=\"{&quot;animation&quot;:&quot;fadeInLeft&quot;,&quot;jet_parallax_layout_list&quot;:[]}\">\n\t\t\t\t<div class=\"elementor-element elementor-element-1c7e9cd elementor-widget elementor-widget-image\" data-id=\"1c7e9cd\" data-element_type=\"widget\" data-e-type=\"widget\" data-widget_type=\"image.default\">\n\t\t\t\t<div class=\"elementor-widget-container\">\n\t\t\t\t\t\t\t\t\t\t\t\t\t\t\t<img decoding=\"async\" width=\"1708\" height=\"2560\" src=\"https:\/\/mmetal.se\/wp-content\/uploads\/2025\/04\/Simon-Andreasson-0M6A8209-scaled.jpg\" class=\"attachment-full size-full wp-image-966\" alt=\"\" srcset=\"https:\/\/mmetal.se\/wp-content\/uploads\/2025\/04\/Simon-Andreasson-0M6A8209-scaled.jpg 1708w, https:\/\/mmetal.se\/wp-content\/uploads\/2025\/04\/Simon-Andreasson-0M6A8209-200x300.jpg 200w, https:\/\/mmetal.se\/wp-content\/uploads\/2025\/04\/Simon-Andreasson-0M6A8209-683x1024.jpg 683w, https:\/\/mmetal.se\/wp-content\/uploads\/2025\/04\/Simon-Andreasson-0M6A8209-768x1151.jpg 768w, https:\/\/mmetal.se\/wp-content\/uploads\/2025\/04\/Simon-Andreasson-0M6A8209-1025x1536.jpg 1025w, https:\/\/mmetal.se\/wp-content\/uploads\/2025\/04\/Simon-Andreasson-0M6A8209-1366x2048.jpg 1366w\" sizes=\"(max-width: 1708px) 100vw, 1708px\" \/>\t\t\t\t\t\t\t\t\t\t\t\t\t\t\t<\/div>\n\t\t\t\t<\/div>\n\t\t\t\t<\/div>\n\t\t\t\t<\/div>\n\t\t\t\t<\/div>\n\t\t","protected":false},"excerpt":{"rendered":"<p>Lead-free CW511L, CuZn38As CW511L, also known as CuZn38As, is a lead-free brass alloy designed for applications that require high corrosion resistance and compliance with drinking water regulations. With its low lead content and arsenic addition, the alloy is dezincification-resistant (DZR), making it ideal for components exposed to aggressive water environments. CW511L combines good mechanical strength [&hellip;]<\/p>\n","protected":false},"author":1,"featured_media":0,"parent":0,"menu_order":0,"comment_status":"closed","ping_status":"closed","template":"elementor_header_footer","meta":{"footnotes":""},"class_list":["post-2946","page","type-page","status-publish","hentry"],"yoast_head":"<!-- This site is optimized with the Yoast SEO plugin v27.0 - https:\/\/yoast.com\/product\/yoast-seo-wordpress\/ -->\n<title>CW511L, CuZn38As | Lead-free brass alloy - Mattsson Metal<\/title>\n<meta name=\"description\" content=\"CW511L, also known as CuZn38As, is a lead-free brass alloy designed for applications that require high corrosion resistance. Read more!\" \/>\n<meta name=\"robots\" content=\"index, follow, max-snippet:-1, max-image-preview:large, max-video-preview:-1\" \/>\n<link rel=\"canonical\" href=\"https:\/\/mmetal.se\/fr\/cw511l-cuzn38as-sans-plomb\/\" \/>\n<meta property=\"og:locale\" content=\"fr_FR\" \/>\n<meta property=\"og:type\" content=\"article\" \/>\n<meta property=\"og:title\" content=\"CW511L, CuZn38As | Lead-free brass alloy - Mattsson Metal\" \/>\n<meta property=\"og:description\" content=\"CW511L, also known as CuZn38As, is a lead-free brass alloy designed for applications that require high corrosion resistance. Read more!\" \/>\n<meta property=\"og:url\" content=\"https:\/\/mmetal.se\/fr\/cw511l-cuzn38as-sans-plomb\/\" \/>\n<meta property=\"og:site_name\" content=\"Mattsson Metal\" \/>\n<meta property=\"article:modified_time\" content=\"2025-10-30T11:00:38+00:00\" \/>\n<meta property=\"og:image\" content=\"https:\/\/mmetal.se\/wp-content\/uploads\/2025\/10\/CW511L_CuZn38As.jpg\" \/>\n\t<meta property=\"og:image:width\" content=\"782\" \/>\n\t<meta property=\"og:image:height\" content=\"650\" \/>\n\t<meta property=\"og:image:type\" content=\"image\/jpeg\" \/>\n<meta name=\"twitter:card\" content=\"summary_large_image\" \/>\n<meta name=\"twitter:label1\" content=\"Dur\u00e9e de lecture estim\u00e9e\" \/>\n\t<meta name=\"twitter:data1\" content=\"2 minutes\" \/>\n<script type=\"application\/ld+json\" class=\"yoast-schema-graph\">{\"@context\":\"https:\/\/schema.org\",\"@graph\":[{\"@type\":\"WebPage\",\"@id\":\"https:\/\/mmetal.se\/cw511l-cuzn38as-lead-free\/\",\"url\":\"https:\/\/mmetal.se\/cw511l-cuzn38as-lead-free\/\",\"name\":\"CW511L, CuZn38As | Lead-free brass alloy - Mattsson Metal\",\"isPartOf\":{\"@id\":\"https:\/\/mmetal.se\/#website\"},\"primaryImageOfPage\":{\"@id\":\"https:\/\/mmetal.se\/cw511l-cuzn38as-lead-free\/#primaryimage\"},\"image\":{\"@id\":\"https:\/\/mmetal.se\/cw511l-cuzn38as-lead-free\/#primaryimage\"},\"thumbnailUrl\":\"https:\/\/mmetal.se\/wp-content\/uploads\/2025\/10\/CW511L_CuZn38As.jpg\",\"datePublished\":\"2025-10-30T10:32:05+00:00\",\"dateModified\":\"2025-10-30T11:00:38+00:00\",\"description\":\"CW511L, also known as CuZn38As, is a lead-free brass alloy designed for applications that require high corrosion resistance. Read more!\",\"breadcrumb\":{\"@id\":\"https:\/\/mmetal.se\/cw511l-cuzn38as-lead-free\/#breadcrumb\"},\"inLanguage\":\"fr-FR\",\"potentialAction\":[{\"@type\":\"ReadAction\",\"target\":[\"https:\/\/mmetal.se\/cw511l-cuzn38as-lead-free\/\"]}]},{\"@type\":\"ImageObject\",\"inLanguage\":\"fr-FR\",\"@id\":\"https:\/\/mmetal.se\/cw511l-cuzn38as-lead-free\/#primaryimage\",\"url\":\"https:\/\/mmetal.se\/wp-content\/uploads\/2025\/10\/CW511L_CuZn38As.jpg\",\"contentUrl\":\"https:\/\/mmetal.se\/wp-content\/uploads\/2025\/10\/CW511L_CuZn38As.jpg\"},{\"@type\":\"BreadcrumbList\",\"@id\":\"https:\/\/mmetal.se\/cw511l-cuzn38as-lead-free\/#breadcrumb\",\"itemListElement\":[{\"@type\":\"ListItem\",\"position\":1,\"name\":\"Home\",\"item\":\"https:\/\/mmetal.se\/\"},{\"@type\":\"ListItem\",\"position\":2,\"name\":\"CW511L, CuZn38As (Lead-free)\"}]},{\"@type\":\"WebSite\",\"@id\":\"https:\/\/mmetal.se\/#website\",\"url\":\"https:\/\/mmetal.se\/\",\"name\":\"Mattsson Metal\",\"description\":\"Nordic leading manufacturers of hot pressed metal parts of the highest quality.\",\"publisher\":{\"@id\":\"https:\/\/mmetal.se\/#organization\"},\"potentialAction\":[{\"@type\":\"SearchAction\",\"target\":{\"@type\":\"EntryPoint\",\"urlTemplate\":\"https:\/\/mmetal.se\/?s={search_term_string}\"},\"query-input\":{\"@type\":\"PropertyValueSpecification\",\"valueRequired\":true,\"valueName\":\"search_term_string\"}}],\"inLanguage\":\"fr-FR\"},{\"@type\":\"Organization\",\"@id\":\"https:\/\/mmetal.se\/#organization\",\"name\":\"Mattsson Metal\",\"url\":\"https:\/\/mmetal.se\/\",\"logo\":{\"@type\":\"ImageObject\",\"inLanguage\":\"fr-FR\",\"@id\":\"https:\/\/mmetal.se\/#\/schema\/logo\/image\/\",\"url\":\"https:\/\/mmetal.se\/wp-content\/uploads\/2025\/04\/vector-modified-B5A480.svg\",\"contentUrl\":\"https:\/\/mmetal.se\/wp-content\/uploads\/2025\/04\/vector-modified-B5A480.svg\",\"width\":246,\"height\":42,\"caption\":\"Mattsson Metal\"},\"image\":{\"@id\":\"https:\/\/mmetal.se\/#\/schema\/logo\/image\/\"}}]}<\/script>\n<!-- \/ Yoast SEO plugin. -->","yoast_head_json":{"title":"CW511L, CuZn38As | Alliage de laiton sans plomb - Mattsson Metal","description":"Le CW511L, \u00e9galement connu sous le nom de CuZn38As, est un alliage de laiton sans plomb con\u00e7u pour les applications n\u00e9cessitant une r\u00e9sistance \u00e9lev\u00e9e \u00e0 la corrosion. En savoir plus !","robots":{"index":"index","follow":"follow","max-snippet":"max-snippet:-1","max-image-preview":"max-image-preview:large","max-video-preview":"max-video-preview:-1"},"canonical":"https:\/\/mmetal.se\/fr\/cw511l-cuzn38as-sans-plomb\/","og_locale":"fr_FR","og_type":"article","og_title":"CW511L, CuZn38As | Lead-free brass alloy - Mattsson Metal","og_description":"CW511L, also known as CuZn38As, is a lead-free brass alloy designed for applications that require high corrosion resistance. Read more!","og_url":"https:\/\/mmetal.se\/fr\/cw511l-cuzn38as-sans-plomb\/","og_site_name":"Mattsson Metal","article_modified_time":"2025-10-30T11:00:38+00:00","og_image":[{"width":782,"height":650,"url":"https:\/\/mmetal.se\/wp-content\/uploads\/2025\/10\/CW511L_CuZn38As.jpg","type":"image\/jpeg"}],"twitter_card":"summary_large_image","twitter_misc":{"Dur\u00e9e de lecture estim\u00e9e":"2 minutes"},"schema":{"@context":"https:\/\/schema.org","@graph":[{"@type":"WebPage","@id":"https:\/\/mmetal.se\/cw511l-cuzn38as-lead-free\/","url":"https:\/\/mmetal.se\/cw511l-cuzn38as-lead-free\/","name":"CW511L, CuZn38As | Alliage de laiton sans plomb - Mattsson Metal","isPartOf":{"@id":"https:\/\/mmetal.se\/#website"},"primaryImageOfPage":{"@id":"https:\/\/mmetal.se\/cw511l-cuzn38as-lead-free\/#primaryimage"},"image":{"@id":"https:\/\/mmetal.se\/cw511l-cuzn38as-lead-free\/#primaryimage"},"thumbnailUrl":"https:\/\/mmetal.se\/wp-content\/uploads\/2025\/10\/CW511L_CuZn38As.jpg","datePublished":"2025-10-30T10:32:05+00:00","dateModified":"2025-10-30T11:00:38+00:00","description":"Le CW511L, \u00e9galement connu sous le nom de CuZn38As, est un alliage de laiton sans plomb con\u00e7u pour les applications n\u00e9cessitant une r\u00e9sistance \u00e9lev\u00e9e \u00e0 la corrosion. En savoir plus !","breadcrumb":{"@id":"https:\/\/mmetal.se\/cw511l-cuzn38as-lead-free\/#breadcrumb"},"inLanguage":"fr-FR","potentialAction":[{"@type":"ReadAction","target":["https:\/\/mmetal.se\/cw511l-cuzn38as-lead-free\/"]}]},{"@type":"ImageObject","inLanguage":"fr-FR","@id":"https:\/\/mmetal.se\/cw511l-cuzn38as-lead-free\/#primaryimage","url":"https:\/\/mmetal.se\/wp-content\/uploads\/2025\/10\/CW511L_CuZn38As.jpg","contentUrl":"https:\/\/mmetal.se\/wp-content\/uploads\/2025\/10\/CW511L_CuZn38As.jpg"},{"@type":"BreadcrumbList","@id":"https:\/\/mmetal.se\/cw511l-cuzn38as-lead-free\/#breadcrumb","itemListElement":[{"@type":"ListItem","position":1,"name":"Home","item":"https:\/\/mmetal.se\/"},{"@type":"ListItem","position":2,"name":"CW511L, CuZn38As (Lead-free)"}]},{"@type":"WebSite","@id":"https:\/\/mmetal.se\/#website","url":"https:\/\/mmetal.se\/","name":"Mattsson M\u00e9tal","description":"Fabricants nordiques de premier plan de pi\u00e8ces m\u00e9talliques press\u00e9es \u00e0 chaud de la plus haute qualit\u00e9.","publisher":{"@id":"https:\/\/mmetal.se\/#organization"},"potentialAction":[{"@type":"SearchAction","target":{"@type":"EntryPoint","urlTemplate":"https:\/\/mmetal.se\/?s={search_term_string}"},"query-input":{"@type":"PropertyValueSpecification","valueRequired":true,"valueName":"search_term_string"}}],"inLanguage":"fr-FR"},{"@type":"Organization","@id":"https:\/\/mmetal.se\/#organization","name":"Mattsson M\u00e9tal","url":"https:\/\/mmetal.se\/","logo":{"@type":"ImageObject","inLanguage":"fr-FR","@id":"https:\/\/mmetal.se\/#\/schema\/logo\/image\/","url":"https:\/\/mmetal.se\/wp-content\/uploads\/2025\/04\/vector-modified-B5A480.svg","contentUrl":"https:\/\/mmetal.se\/wp-content\/uploads\/2025\/04\/vector-modified-B5A480.svg","width":246,"height":42,"caption":"Mattsson Metal"},"image":{"@id":"https:\/\/mmetal.se\/#\/schema\/logo\/image\/"}}]}},"_links":{"self":[{"href":"https:\/\/mmetal.se\/fr\/wp-json\/wp\/v2\/pages\/2946","targetHints":{"allow":["GET"]}}],"collection":[{"href":"https:\/\/mmetal.se\/fr\/wp-json\/wp\/v2\/pages"}],"about":[{"href":"https:\/\/mmetal.se\/fr\/wp-json\/wp\/v2\/types\/page"}],"author":[{"embeddable":true,"href":"https:\/\/mmetal.se\/fr\/wp-json\/wp\/v2\/users\/1"}],"replies":[{"embeddable":true,"href":"https:\/\/mmetal.se\/fr\/wp-json\/wp\/v2\/comments?post=2946"}],"version-history":[{"count":20,"href":"https:\/\/mmetal.se\/fr\/wp-json\/wp\/v2\/pages\/2946\/revisions"}],"predecessor-version":[{"id":2976,"href":"https:\/\/mmetal.se\/fr\/wp-json\/wp\/v2\/pages\/2946\/revisions\/2976"}],"wp:attachment":[{"href":"https:\/\/mmetal.se\/fr\/wp-json\/wp\/v2\/media?parent=2946"}],"curies":[{"name":"wp","href":"https:\/\/api.w.org\/{rel}","templated":true}]}}