{"id":2985,"date":"2025-11-14T16:06:56","date_gmt":"2025-11-14T15:06:56","guid":{"rendered":"https:\/\/mmetal.se\/?page_id=2985"},"modified":"2025-11-14T16:12:05","modified_gmt":"2025-11-14T15:12:05","slug":"cw617n-cuzn40pb2","status":"publish","type":"page","link":"https:\/\/mmetal.se\/sv\/cw617n-cuzn40pb2\/","title":{"rendered":"CW617N, CuZn40Pb2"},"content":{"rendered":"\t\t<div data-elementor-type=\"wp-page\" data-elementor-id=\"2985\" class=\"elementor elementor-2985\" data-elementor-post-type=\"page\">\n\t\t\t\t<div class=\"elementor-element elementor-element-dd878bb e-con-full e-flex e-con e-parent\" data-id=\"dd878bb\" data-element_type=\"container\" data-e-type=\"container\" data-settings=\"{&quot;background_background&quot;:&quot;classic&quot;,&quot;jet_parallax_layout_list&quot;:[]}\">\n\t\t<div class=\"elementor-element elementor-element-9248201 e-con-full e-flex elementor-invisible e-con e-child\" data-id=\"9248201\" data-element_type=\"container\" data-e-type=\"container\" data-settings=\"{&quot;animation&quot;:&quot;fadeIn&quot;,&quot;jet_parallax_layout_list&quot;:[]}\">\n\t\t\t\t<div class=\"elementor-element elementor-element-9ea927a elementor-widget elementor-widget-image\" data-id=\"9ea927a\" data-element_type=\"widget\" data-e-type=\"widget\" data-widget_type=\"image.default\">\n\t\t\t\t<div class=\"elementor-widget-container\">\n\t\t\t\t\t\t\t\t\t\t\t\t\t\t\t<img fetchpriority=\"high\" decoding=\"async\" width=\"749\" height=\"500\" src=\"https:\/\/mmetal.se\/wp-content\/uploads\/2025\/11\/CW617N-CuZn40Pb2.jpg\" class=\"attachment-full size-full wp-image-2987\" alt=\"CW617N, CuZn40Pb2\" srcset=\"https:\/\/mmetal.se\/wp-content\/uploads\/2025\/11\/CW617N-CuZn40Pb2.jpg 749w, https:\/\/mmetal.se\/wp-content\/uploads\/2025\/11\/CW617N-CuZn40Pb2-300x200.jpg 300w, https:\/\/mmetal.se\/wp-content\/uploads\/2025\/11\/CW617N-CuZn40Pb2-18x12.jpg 18w\" sizes=\"(max-width: 749px) 100vw, 749px\" \/>\t\t\t\t\t\t\t\t\t\t\t\t\t\t\t<\/div>\n\t\t\t\t<\/div>\n\t\t\t\t<\/div>\n\t\t<div class=\"elementor-element elementor-element-2b1f744 e-con-full e-flex elementor-invisible e-con e-child\" data-id=\"2b1f744\" data-element_type=\"container\" data-e-type=\"container\" data-settings=\"{&quot;animation&quot;:&quot;fadeIn&quot;,&quot;animation_delay&quot;:600,&quot;jet_parallax_layout_list&quot;:[]}\">\n\t\t\t\t<div class=\"elementor-element elementor-element-c1e8f6e elementor-widget elementor-widget-heading\" data-id=\"c1e8f6e\" data-element_type=\"widget\" data-e-type=\"widget\" data-widget_type=\"heading.default\">\n\t\t\t\t<div class=\"elementor-widget-container\">\n\t\t\t\t\t<h2 class=\"elementor-heading-title elementor-size-default\">Low-Lead Free-Cutting Brass<\/h2>\t\t\t\t<\/div>\n\t\t\t\t<\/div>\n\t\t\t\t<div class=\"elementor-element elementor-element-d56e987 elementor-widget elementor-widget-heading\" data-id=\"d56e987\" data-element_type=\"widget\" data-e-type=\"widget\" data-widget_type=\"heading.default\">\n\t\t\t\t<div class=\"elementor-widget-container\">\n\t\t\t\t\t<h1 class=\"elementor-heading-title elementor-size-default\">CW617N, CuZn40Pb2<\/h1>\t\t\t\t<\/div>\n\t\t\t\t<\/div>\n\t\t\t\t<div class=\"elementor-element elementor-element-fc865fd elementor-widget elementor-widget-text-editor\" data-id=\"fc865fd\" data-element_type=\"widget\" data-e-type=\"widget\" data-widget_type=\"text-editor.default\">\n\t\t\t\t<div class=\"elementor-widget-container\">\n\t\t\t\t\t\t\t\t\t<p>CW617N, designated CuZn40Pb2, is a commonly used brass alloy for machining applications where a lower lead content is required compared to CW614N. With approximately 2% lead, the alloy maintains good machinability, making it suitable for high-volume production of precision-turned components.<\/p><p>Typical applications include screws, bolts, nuts, gears, fittings, and components used in electrical connectors\u2014essentially the same areas of use as CW614N, but with the advantage of reduced lead content for improved compliance with modern material requirements.<\/p><p>The alloy is not dezincification-resistant and should not be used in environments exposed to aggressive water or elevated corrosion risk.<\/p>\t\t\t\t\t\t\t\t<\/div>\n\t\t\t\t<\/div>\n\t\t\t\t<\/div>\n\t\t\t\t<\/div>\n\t\t<div class=\"elementor-element elementor-element-dea1693 e-flex e-con-boxed e-con e-parent\" data-id=\"dea1693\" data-element_type=\"container\" data-e-type=\"container\" data-settings=\"{&quot;jet_parallax_layout_list&quot;:[]}\">\n\t\t\t\t\t<div class=\"e-con-inner\">\n\t\t\t\t<div class=\"elementor-element elementor-element-4d24285 elementor-widget elementor-widget-text-editor\" data-id=\"4d24285\" data-element_type=\"widget\" data-e-type=\"widget\" data-widget_type=\"text-editor.default\">\n\t\t\t\t<div class=\"elementor-widget-container\">\n\t\t\t\t\t\t\t\t\tWith decades of expertise and cutting-edge technology, we produce high-quality parts that ensure durability, strength, and optimal performance. We work with brass, copper and aluminium in numerous different business areas. For example, Automotive, Electrical, Sanitary, Telecom, HVAC, Valves, Fittings.\t\t\t\t\t\t\t\t<\/div>\n\t\t\t\t<\/div>\n\t\t\t\t<div class=\"elementor-element elementor-element-5894479 elementor-widget elementor-widget-button\" data-id=\"5894479\" data-element_type=\"widget\" data-e-type=\"widget\" data-widget_type=\"button.default\">\n\t\t\t\t<div class=\"elementor-widget-container\">\n\t\t\t\t\t\t\t\t\t<div class=\"elementor-button-wrapper\">\n\t\t\t\t\t<a class=\"elementor-button elementor-button-link elementor-size-sm\" href=\"https:\/\/mmetal.se\/products-services\/\">\n\t\t\t\t\t\t<span class=\"elementor-button-content-wrapper\">\n\t\t\t\t\t\t\t\t\t<span class=\"elementor-button-text\">Read more!<\/span>\n\t\t\t\t\t<\/span>\n\t\t\t\t\t<\/a>\n\t\t\t\t<\/div>\n\t\t\t\t\t\t\t\t<\/div>\n\t\t\t\t<\/div>\n\t\t\t\t\t<\/div>\n\t\t\t\t<\/div>\n\t\t<div class=\"elementor-element elementor-element-93d0e98 e-con-full e-flex e-con e-parent\" data-id=\"93d0e98\" data-element_type=\"container\" data-e-type=\"container\" data-settings=\"{&quot;background_background&quot;:&quot;classic&quot;,&quot;jet_parallax_layout_list&quot;:[]}\">\n\t\t<div class=\"elementor-element elementor-element-61f125f e-con-full e-flex elementor-invisible e-con e-child\" data-id=\"61f125f\" data-element_type=\"container\" data-e-type=\"container\" data-settings=\"{&quot;animation&quot;:&quot;fadeIn&quot;,&quot;animation_delay&quot;:600,&quot;jet_parallax_layout_list&quot;:[]}\">\n\t\t\t\t<div class=\"elementor-element elementor-element-ab9908b elementor-widget elementor-widget-heading\" data-id=\"ab9908b\" data-element_type=\"widget\" data-e-type=\"widget\" data-widget_type=\"heading.default\">\n\t\t\t\t<div class=\"elementor-widget-container\">\n\t\t\t\t\t<h2 class=\"elementor-heading-title elementor-size-default\">Let\u2019s connect <\/h2>\t\t\t\t<\/div>\n\t\t\t\t<\/div>\n\t\t\t\t<div class=\"elementor-element elementor-element-75ad857 elementor-widget elementor-widget-text-editor\" data-id=\"75ad857\" data-element_type=\"widget\" data-e-type=\"widget\" data-widget_type=\"text-editor.default\">\n\t\t\t\t<div class=\"elementor-widget-container\">\n\t\t\t\t\t\t\t\t\tAt Mattsson Metal, we specialise in manufacturing precision-engineered metal components tailored to meet the demands of various industries. Discover how Mattsson Metal can support your business with superior metal components.\t\t\t\t\t\t\t\t<\/div>\n\t\t\t\t<\/div>\n\t\t\t\t<div class=\"elementor-element elementor-element-e2be107 elementor-button-align-start elementor-mobile-button-align-stretch elementor-widget elementor-widget-form\" data-id=\"e2be107\" data-element_type=\"widget\" data-e-type=\"widget\" data-settings=\"{&quot;step_next_label&quot;:&quot;Next&quot;,&quot;step_previous_label&quot;:&quot;Previous&quot;,&quot;button_width&quot;:&quot;100&quot;,&quot;step_type&quot;:&quot;number_text&quot;,&quot;step_icon_shape&quot;:&quot;circle&quot;}\" data-widget_type=\"form.default\">\n\t\t\t\t<div class=\"elementor-widget-container\">\n\t\t\t\t\t\t\t<form class=\"elementor-form\" method=\"post\" name=\"New Form\" aria-label=\"New Form\">\n\t\t\t<input type=\"hidden\" name=\"post_id\" value=\"2985\"\/>\n\t\t\t<input type=\"hidden\" name=\"form_id\" value=\"e2be107\"\/>\n\t\t\t<input type=\"hidden\" name=\"referer_title\" value=\"CW614N, CuZn39Pb3 | Low-Lead Free-Cutting Brass - Mattsson Metal\" \/>\n\n\t\t\t\t\t\t\t<input type=\"hidden\" name=\"queried_id\" value=\"2985\"\/>\n\t\t\t\n\t\t\t<div class=\"elementor-form-fields-wrapper elementor-labels-\">\n\t\t\t\t\t\t\t\t<div class=\"elementor-field-type-text elementor-field-group elementor-column elementor-field-group-field_d5ff888 elementor-col-50\">\n\t\t\t\t\t\t\t\t\t\t\t\t<label for=\"form-field-field_d5ff888\" class=\"elementor-field-label elementor-screen-only\">\n\t\t\t\t\t\t\t\tFirst Name\t\t\t\t\t\t\t<\/label>\n\t\t\t\t\t\t\t\t\t\t\t\t\t\t<input size=\"1\" type=\"text\" name=\"form_fields[field_d5ff888]\" id=\"form-field-field_d5ff888\" class=\"elementor-field elementor-size-sm  elementor-field-textual\" placeholder=\"First Name\">\n\t\t\t\t\t\t\t\t\t\t\t<\/div>\n\t\t\t\t\t\t\t\t<div class=\"elementor-field-type-text elementor-field-group elementor-column elementor-field-group-name elementor-col-50\">\n\t\t\t\t\t\t\t\t\t\t\t\t<label for=\"form-field-name\" class=\"elementor-field-label elementor-screen-only\">\n\t\t\t\t\t\t\t\tLast Name\t\t\t\t\t\t\t<\/label>\n\t\t\t\t\t\t\t\t\t\t\t\t\t\t<input size=\"1\" type=\"text\" name=\"form_fields[name]\" id=\"form-field-name\" class=\"elementor-field elementor-size-sm  elementor-field-textual\" placeholder=\"Last Name\">\n\t\t\t\t\t\t\t\t\t\t\t<\/div>\n\t\t\t\t\t\t\t\t<div class=\"elementor-field-type-email elementor-field-group elementor-column elementor-field-group-email elementor-col-100 elementor-field-required\">\n\t\t\t\t\t\t\t\t\t\t\t\t<label for=\"form-field-email\" class=\"elementor-field-label elementor-screen-only\">\n\t\t\t\t\t\t\t\tEmail\t\t\t\t\t\t\t<\/label>\n\t\t\t\t\t\t\t\t\t\t\t\t\t\t<input size=\"1\" type=\"email\" name=\"form_fields[email]\" id=\"form-field-email\" class=\"elementor-field elementor-size-sm  elementor-field-textual\" placeholder=\"Email\" required=\"required\">\n\t\t\t\t\t\t\t\t\t\t\t<\/div>\n\t\t\t\t\t\t\t\t<div class=\"elementor-field-type-tel elementor-field-group elementor-column elementor-field-group-field_33cfe26 elementor-col-100 elementor-field-required\">\n\t\t\t\t\t\t\t\t\t\t\t\t<label for=\"form-field-field_33cfe26\" class=\"elementor-field-label elementor-screen-only\">\n\t\t\t\t\t\t\t\tPhone Number\t\t\t\t\t\t\t<\/label>\n\t\t\t\t\t\t\t\t<input size=\"1\" type=\"tel\" name=\"form_fields[field_33cfe26]\" id=\"form-field-field_33cfe26\" class=\"elementor-field elementor-size-sm  elementor-field-textual\" placeholder=\"Phone Number\" required=\"required\" pattern=\"[0-9()#&amp;+*-=.]+\" title=\"Endast siffror och telefontecken (#, -, *, etc) accepteras.\">\n\n\t\t\t\t\t\t<\/div>\n\t\t\t\t\t\t\t\t<div class=\"elementor-field-type-textarea elementor-field-group elementor-column elementor-field-group-message elementor-col-100\">\n\t\t\t\t\t\t\t\t\t\t\t\t<label for=\"form-field-message\" class=\"elementor-field-label elementor-screen-only\">\n\t\t\t\t\t\t\t\tMessage\t\t\t\t\t\t\t<\/label>\n\t\t\t\t\t\t<textarea class=\"elementor-field-textual elementor-field  elementor-size-sm\" name=\"form_fields[message]\" id=\"form-field-message\" rows=\"4\" placeholder=\"Message\"><\/textarea>\t\t\t\t<\/div>\n\t\t\t\t\t\t\t\t<div class=\"elementor-field-type-recaptcha_v3 elementor-field-group elementor-column elementor-field-group-field_0da1b5f elementor-col-100 recaptcha_v3-bottomright\">\n\t\t\t\t\t<div class=\"elementor-field\" id=\"form-field-field_0da1b5f\"><div class=\"elementor-g-recaptcha\" data-sitekey=\"6Ldf3XUrAAAAAMlSz_XRnYJcUFhqaLuixKaB5amD\" data-type=\"v3\" data-action=\"Form\" data-badge=\"bottomright\" data-size=\"invisible\"><\/div><\/div>\t\t\t\t<\/div>\n\t\t\t\t\t\t\t\t<div class=\"elementor-field-group elementor-column elementor-field-type-submit elementor-col-100 e-form__buttons\">\n\t\t\t\t\t<button class=\"elementor-button elementor-size-sm\" type=\"submit\">\n\t\t\t\t\t\t<span class=\"elementor-button-content-wrapper\">\n\t\t\t\t\t\t\t\t\t\t\t\t\t\t\t<span class=\"elementor-button-icon\">\n\t\t\t\t\t\t\t\t\t<svg xmlns=\"http:\/\/www.w3.org\/2000\/svg\" width=\"12\" height=\"12\" viewBox=\"0 0 12 12\" fill=\"currentColor\"><path d=\"M9.13125 6.75H0V5.25H9.13125L4.93125 1.05L6 0L12 6L6 12L4.93125 10.95L9.13125 6.75Z\" fill=\"currentColor\"><\/path><\/svg>\t\t\t\t\t\t\t\t\t\t\t\t\t\t\t\t\t<\/span>\n\t\t\t\t\t\t\t\t\t\t\t\t\t\t\t\t\t\t\t\t\t\t<span class=\"elementor-button-text\">Send<\/span>\n\t\t\t\t\t\t\t\t\t\t\t\t\t<\/span>\n\t\t\t\t\t<\/button>\n\t\t\t\t<\/div>\n\t\t\t<\/div>\n\t\t<\/form>\n\t\t\t\t\t\t<\/div>\n\t\t\t\t<\/div>\n\t\t\t\t<\/div>\n\t\t<div class=\"elementor-element elementor-element-ffd30ed e-con-full e-flex elementor-invisible e-con e-child\" data-id=\"ffd30ed\" data-element_type=\"container\" data-e-type=\"container\" data-settings=\"{&quot;animation&quot;:&quot;fadeInLeft&quot;,&quot;jet_parallax_layout_list&quot;:[]}\">\n\t\t\t\t<div class=\"elementor-element elementor-element-b7c69b5 elementor-widget elementor-widget-image\" data-id=\"b7c69b5\" data-element_type=\"widget\" data-e-type=\"widget\" data-widget_type=\"image.default\">\n\t\t\t\t<div class=\"elementor-widget-container\">\n\t\t\t\t\t\t\t\t\t\t\t\t\t\t\t<img decoding=\"async\" width=\"1708\" height=\"2560\" src=\"https:\/\/mmetal.se\/wp-content\/uploads\/2025\/04\/Simon-Andreasson-0M6A8209-scaled.jpg\" class=\"attachment-full size-full wp-image-966\" alt=\"\" srcset=\"https:\/\/mmetal.se\/wp-content\/uploads\/2025\/04\/Simon-Andreasson-0M6A8209-scaled.jpg 1708w, https:\/\/mmetal.se\/wp-content\/uploads\/2025\/04\/Simon-Andreasson-0M6A8209-200x300.jpg 200w, https:\/\/mmetal.se\/wp-content\/uploads\/2025\/04\/Simon-Andreasson-0M6A8209-683x1024.jpg 683w, https:\/\/mmetal.se\/wp-content\/uploads\/2025\/04\/Simon-Andreasson-0M6A8209-768x1151.jpg 768w, https:\/\/mmetal.se\/wp-content\/uploads\/2025\/04\/Simon-Andreasson-0M6A8209-1025x1536.jpg 1025w, https:\/\/mmetal.se\/wp-content\/uploads\/2025\/04\/Simon-Andreasson-0M6A8209-1366x2048.jpg 1366w\" sizes=\"(max-width: 1708px) 100vw, 1708px\" \/>\t\t\t\t\t\t\t\t\t\t\t\t\t\t\t<\/div>\n\t\t\t\t<\/div>\n\t\t\t\t<\/div>\n\t\t\t\t<\/div>\n\t\t\t\t<\/div>\n\t\t","protected":false},"excerpt":{"rendered":"<p>Low-Lead Free-Cutting Brass CW617N, CuZn40Pb2 CW617N, designated CuZn40Pb2, is a commonly used brass alloy for machining applications where a lower lead content is required compared to CW614N. With approximately 2% lead, the alloy maintains good machinability, making it suitable for high-volume production of precision-turned components. Typical applications include screws, bolts, nuts, gears, fittings, and components [&hellip;]<\/p>\n","protected":false},"author":1,"featured_media":0,"parent":0,"menu_order":0,"comment_status":"closed","ping_status":"closed","template":"","meta":{"footnotes":""},"class_list":["post-2985","page","type-page","status-publish","hentry"],"yoast_head":"<!-- This site is optimized with the Yoast SEO plugin v27.0 - https:\/\/yoast.com\/product\/yoast-seo-wordpress\/ -->\n<title>CW614N, CuZn39Pb3 | Low-Lead Free-Cutting Brass - Mattsson Metal<\/title>\n<meta name=\"description\" content=\"CW617N (CuZn40Pb2) is a low-lead brass alloy offering reliable machinability for precision-turned parts such as fittings, fasteners, and electrical components.\" \/>\n<meta name=\"robots\" content=\"index, follow, max-snippet:-1, max-image-preview:large, max-video-preview:-1\" \/>\n<link rel=\"canonical\" href=\"https:\/\/mmetal.se\/sv\/cw617n-cuzn40pb2\/\" \/>\n<meta property=\"og:locale\" content=\"sv_SE\" \/>\n<meta property=\"og:type\" content=\"article\" \/>\n<meta property=\"og:title\" content=\"CW614N, CuZn39Pb3 | Low-Lead Free-Cutting Brass - Mattsson Metal\" \/>\n<meta property=\"og:description\" content=\"CW617N (CuZn40Pb2) is a low-lead brass alloy offering reliable machinability for precision-turned parts such as fittings, fasteners, and electrical components.\" \/>\n<meta property=\"og:url\" content=\"https:\/\/mmetal.se\/sv\/cw617n-cuzn40pb2\/\" \/>\n<meta property=\"og:site_name\" content=\"Mattsson Metal\" \/>\n<meta property=\"article:modified_time\" content=\"2025-11-14T15:12:05+00:00\" \/>\n<meta property=\"og:image\" content=\"https:\/\/mmetal.se\/wp-content\/uploads\/2025\/11\/CW617N-CuZn40Pb2.jpg\" \/>\n<meta name=\"twitter:card\" content=\"summary_large_image\" \/>\n<meta name=\"twitter:label1\" content=\"Ber\u00e4knad l\u00e4stid\" \/>\n\t<meta name=\"twitter:data1\" content=\"2 minuter\" \/>\n<script type=\"application\/ld+json\" class=\"yoast-schema-graph\">{\"@context\":\"https:\/\/schema.org\",\"@graph\":[{\"@type\":\"WebPage\",\"@id\":\"https:\/\/mmetal.se\/cw617n-cuzn40pb2\/\",\"url\":\"https:\/\/mmetal.se\/cw617n-cuzn40pb2\/\",\"name\":\"CW614N, CuZn39Pb3 | Low-Lead Free-Cutting Brass - Mattsson Metal\",\"isPartOf\":{\"@id\":\"https:\/\/mmetal.se\/#website\"},\"primaryImageOfPage\":{\"@id\":\"https:\/\/mmetal.se\/cw617n-cuzn40pb2\/#primaryimage\"},\"image\":{\"@id\":\"https:\/\/mmetal.se\/cw617n-cuzn40pb2\/#primaryimage\"},\"thumbnailUrl\":\"https:\/\/mmetal.se\/wp-content\/uploads\/2025\/11\/CW617N-CuZn40Pb2.jpg\",\"datePublished\":\"2025-11-14T15:06:56+00:00\",\"dateModified\":\"2025-11-14T15:12:05+00:00\",\"description\":\"CW617N (CuZn40Pb2) is a low-lead brass alloy offering reliable machinability for precision-turned parts such as fittings, fasteners, and electrical components.\",\"breadcrumb\":{\"@id\":\"https:\/\/mmetal.se\/cw617n-cuzn40pb2\/#breadcrumb\"},\"inLanguage\":\"sv-SE\",\"potentialAction\":[{\"@type\":\"ReadAction\",\"target\":[\"https:\/\/mmetal.se\/cw617n-cuzn40pb2\/\"]}]},{\"@type\":\"ImageObject\",\"inLanguage\":\"sv-SE\",\"@id\":\"https:\/\/mmetal.se\/cw617n-cuzn40pb2\/#primaryimage\",\"url\":\"https:\/\/mmetal.se\/wp-content\/uploads\/2025\/11\/CW617N-CuZn40Pb2.jpg\",\"contentUrl\":\"https:\/\/mmetal.se\/wp-content\/uploads\/2025\/11\/CW617N-CuZn40Pb2.jpg\"},{\"@type\":\"BreadcrumbList\",\"@id\":\"https:\/\/mmetal.se\/cw617n-cuzn40pb2\/#breadcrumb\",\"itemListElement\":[{\"@type\":\"ListItem\",\"position\":1,\"name\":\"Home\",\"item\":\"https:\/\/mmetal.se\/\"},{\"@type\":\"ListItem\",\"position\":2,\"name\":\"CW617N, CuZn40Pb2\"}]},{\"@type\":\"WebSite\",\"@id\":\"https:\/\/mmetal.se\/#website\",\"url\":\"https:\/\/mmetal.se\/\",\"name\":\"Mattsson Metal\",\"description\":\"Nordic leading manufacturers of hot pressed metal parts of the highest quality.\",\"publisher\":{\"@id\":\"https:\/\/mmetal.se\/#organization\"},\"potentialAction\":[{\"@type\":\"SearchAction\",\"target\":{\"@type\":\"EntryPoint\",\"urlTemplate\":\"https:\/\/mmetal.se\/?s={search_term_string}\"},\"query-input\":{\"@type\":\"PropertyValueSpecification\",\"valueRequired\":true,\"valueName\":\"search_term_string\"}}],\"inLanguage\":\"sv-SE\"},{\"@type\":\"Organization\",\"@id\":\"https:\/\/mmetal.se\/#organization\",\"name\":\"Mattsson Metal\",\"url\":\"https:\/\/mmetal.se\/\",\"logo\":{\"@type\":\"ImageObject\",\"inLanguage\":\"sv-SE\",\"@id\":\"https:\/\/mmetal.se\/#\/schema\/logo\/image\/\",\"url\":\"https:\/\/mmetal.se\/wp-content\/uploads\/2025\/04\/vector-modified-B5A480.svg\",\"contentUrl\":\"https:\/\/mmetal.se\/wp-content\/uploads\/2025\/04\/vector-modified-B5A480.svg\",\"width\":246,\"height\":42,\"caption\":\"Mattsson Metal\"},\"image\":{\"@id\":\"https:\/\/mmetal.se\/#\/schema\/logo\/image\/\"}}]}<\/script>\n<!-- \/ Yoast SEO plugin. -->","yoast_head_json":{"title":"CW614N, CuZn39Pb3 | Blyfattig sk\u00e4rande m\u00e4ssing - Mattsson Metal","description":"CW617N (CuZn40Pb2) \u00e4r en m\u00e4ssingslegering med l\u00e5g blyhalt som ger tillf\u00f6rlitlig bearbetbarhet f\u00f6r precisionssvarvade detaljer som beslag, f\u00e4stelement och elektriska komponenter.","robots":{"index":"index","follow":"follow","max-snippet":"max-snippet:-1","max-image-preview":"max-image-preview:large","max-video-preview":"max-video-preview:-1"},"canonical":"https:\/\/mmetal.se\/sv\/cw617n-cuzn40pb2\/","og_locale":"sv_SE","og_type":"article","og_title":"CW614N, CuZn39Pb3 | Low-Lead Free-Cutting Brass - Mattsson Metal","og_description":"CW617N (CuZn40Pb2) is a low-lead brass alloy offering reliable machinability for precision-turned parts such as fittings, fasteners, and electrical components.","og_url":"https:\/\/mmetal.se\/sv\/cw617n-cuzn40pb2\/","og_site_name":"Mattsson Metal","article_modified_time":"2025-11-14T15:12:05+00:00","og_image":[{"url":"https:\/\/mmetal.se\/wp-content\/uploads\/2025\/11\/CW617N-CuZn40Pb2.jpg","type":"","width":"","height":""}],"twitter_card":"summary_large_image","twitter_misc":{"Ber\u00e4knad l\u00e4stid":"2 minuter"},"schema":{"@context":"https:\/\/schema.org","@graph":[{"@type":"WebPage","@id":"https:\/\/mmetal.se\/cw617n-cuzn40pb2\/","url":"https:\/\/mmetal.se\/cw617n-cuzn40pb2\/","name":"CW614N, CuZn39Pb3 | Blyfattig sk\u00e4rande m\u00e4ssing - Mattsson Metal","isPartOf":{"@id":"https:\/\/mmetal.se\/#website"},"primaryImageOfPage":{"@id":"https:\/\/mmetal.se\/cw617n-cuzn40pb2\/#primaryimage"},"image":{"@id":"https:\/\/mmetal.se\/cw617n-cuzn40pb2\/#primaryimage"},"thumbnailUrl":"https:\/\/mmetal.se\/wp-content\/uploads\/2025\/11\/CW617N-CuZn40Pb2.jpg","datePublished":"2025-11-14T15:06:56+00:00","dateModified":"2025-11-14T15:12:05+00:00","description":"CW617N (CuZn40Pb2) \u00e4r en m\u00e4ssingslegering med l\u00e5g blyhalt som ger tillf\u00f6rlitlig bearbetbarhet f\u00f6r precisionssvarvade detaljer som beslag, f\u00e4stelement och elektriska komponenter.","breadcrumb":{"@id":"https:\/\/mmetal.se\/cw617n-cuzn40pb2\/#breadcrumb"},"inLanguage":"sv-SE","potentialAction":[{"@type":"ReadAction","target":["https:\/\/mmetal.se\/cw617n-cuzn40pb2\/"]}]},{"@type":"ImageObject","inLanguage":"sv-SE","@id":"https:\/\/mmetal.se\/cw617n-cuzn40pb2\/#primaryimage","url":"https:\/\/mmetal.se\/wp-content\/uploads\/2025\/11\/CW617N-CuZn40Pb2.jpg","contentUrl":"https:\/\/mmetal.se\/wp-content\/uploads\/2025\/11\/CW617N-CuZn40Pb2.jpg"},{"@type":"BreadcrumbList","@id":"https:\/\/mmetal.se\/cw617n-cuzn40pb2\/#breadcrumb","itemListElement":[{"@type":"ListItem","position":1,"name":"Home","item":"https:\/\/mmetal.se\/"},{"@type":"ListItem","position":2,"name":"CW617N, CuZn40Pb2"}]},{"@type":"WebSite","@id":"https:\/\/mmetal.se\/#website","url":"https:\/\/mmetal.se\/","name":"Mattsson Metal","description":"Nordens ledande tillverkare av varmpressade metalldelar av h\u00f6gsta kvalitet.","publisher":{"@id":"https:\/\/mmetal.se\/#organization"},"potentialAction":[{"@type":"SearchAction","target":{"@type":"EntryPoint","urlTemplate":"https:\/\/mmetal.se\/?s={search_term_string}"},"query-input":{"@type":"PropertyValueSpecification","valueRequired":true,"valueName":"search_term_string"}}],"inLanguage":"sv-SE"},{"@type":"Organization","@id":"https:\/\/mmetal.se\/#organization","name":"Mattsson Metal","url":"https:\/\/mmetal.se\/","logo":{"@type":"ImageObject","inLanguage":"sv-SE","@id":"https:\/\/mmetal.se\/#\/schema\/logo\/image\/","url":"https:\/\/mmetal.se\/wp-content\/uploads\/2025\/04\/vector-modified-B5A480.svg","contentUrl":"https:\/\/mmetal.se\/wp-content\/uploads\/2025\/04\/vector-modified-B5A480.svg","width":246,"height":42,"caption":"Mattsson Metal"},"image":{"@id":"https:\/\/mmetal.se\/#\/schema\/logo\/image\/"}}]}},"_links":{"self":[{"href":"https:\/\/mmetal.se\/sv\/wp-json\/wp\/v2\/pages\/2985","targetHints":{"allow":["GET"]}}],"collection":[{"href":"https:\/\/mmetal.se\/sv\/wp-json\/wp\/v2\/pages"}],"about":[{"href":"https:\/\/mmetal.se\/sv\/wp-json\/wp\/v2\/types\/page"}],"author":[{"embeddable":true,"href":"https:\/\/mmetal.se\/sv\/wp-json\/wp\/v2\/users\/1"}],"replies":[{"embeddable":true,"href":"https:\/\/mmetal.se\/sv\/wp-json\/wp\/v2\/comments?post=2985"}],"version-history":[{"count":7,"href":"https:\/\/mmetal.se\/sv\/wp-json\/wp\/v2\/pages\/2985\/revisions"}],"predecessor-version":[{"id":2993,"href":"https:\/\/mmetal.se\/sv\/wp-json\/wp\/v2\/pages\/2985\/revisions\/2993"}],"wp:attachment":[{"href":"https:\/\/mmetal.se\/sv\/wp-json\/wp\/v2\/media?parent=2985"}],"curies":[{"name":"wp","href":"https:\/\/api.w.org\/{rel}","templated":true}]}}