{"id":3000,"date":"2025-11-14T16:16:52","date_gmt":"2025-11-14T15:16:52","guid":{"rendered":"https:\/\/mmetal.se\/?page_id=3000"},"modified":"2025-11-14T16:29:05","modified_gmt":"2025-11-14T15:29:05","slug":"cw625n-cuzn35pb2al-c","status":"publish","type":"page","link":"https:\/\/mmetal.se\/sv\/cw625n-cuzn35pb2al-c\/","title":{"rendered":"CW625N, CuZn35Pb2Al-C"},"content":{"rendered":"\t\t<div data-elementor-type=\"wp-page\" data-elementor-id=\"3000\" class=\"elementor elementor-3000\" data-elementor-post-type=\"page\">\n\t\t\t\t<div class=\"elementor-element elementor-element-62f151a e-con-full e-flex e-con e-parent\" data-id=\"62f151a\" data-element_type=\"container\" data-e-type=\"container\" data-settings=\"{&quot;background_background&quot;:&quot;classic&quot;,&quot;jet_parallax_layout_list&quot;:[]}\">\n\t\t<div class=\"elementor-element elementor-element-e77a8be e-con-full e-flex elementor-invisible e-con e-child\" data-id=\"e77a8be\" data-element_type=\"container\" data-e-type=\"container\" data-settings=\"{&quot;animation&quot;:&quot;fadeIn&quot;,&quot;jet_parallax_layout_list&quot;:[]}\">\n\t\t\t\t<div class=\"elementor-element elementor-element-d413a0a elementor-widget elementor-widget-image\" data-id=\"d413a0a\" data-element_type=\"widget\" data-e-type=\"widget\" data-widget_type=\"image.default\">\n\t\t\t\t<div class=\"elementor-widget-container\">\n\t\t\t\t\t\t\t\t\t\t\t\t\t\t\t<img fetchpriority=\"high\" decoding=\"async\" width=\"749\" height=\"500\" src=\"https:\/\/mmetal.se\/wp-content\/uploads\/2025\/11\/CW625N-CuZn35Pb2Al-C.jpg\" class=\"attachment-full size-full wp-image-3002\" alt=\"CW625N, CuZn35Pb2Al-C (Dezincification-Resistant Brass)\" srcset=\"https:\/\/mmetal.se\/wp-content\/uploads\/2025\/11\/CW625N-CuZn35Pb2Al-C.jpg 749w, https:\/\/mmetal.se\/wp-content\/uploads\/2025\/11\/CW625N-CuZn35Pb2Al-C-300x200.jpg 300w, https:\/\/mmetal.se\/wp-content\/uploads\/2025\/11\/CW625N-CuZn35Pb2Al-C-18x12.jpg 18w\" sizes=\"(max-width: 749px) 100vw, 749px\" \/>\t\t\t\t\t\t\t\t\t\t\t\t\t\t\t<\/div>\n\t\t\t\t<\/div>\n\t\t\t\t<\/div>\n\t\t<div class=\"elementor-element elementor-element-d215cbc e-con-full e-flex elementor-invisible e-con e-child\" data-id=\"d215cbc\" data-element_type=\"container\" data-e-type=\"container\" data-settings=\"{&quot;animation&quot;:&quot;fadeIn&quot;,&quot;animation_delay&quot;:600,&quot;jet_parallax_layout_list&quot;:[]}\">\n\t\t\t\t<div class=\"elementor-element elementor-element-d467c5a elementor-widget elementor-widget-heading\" data-id=\"d467c5a\" data-element_type=\"widget\" data-e-type=\"widget\" data-widget_type=\"heading.default\">\n\t\t\t\t<div class=\"elementor-widget-container\">\n\t\t\t\t\t<h2 class=\"elementor-heading-title elementor-size-default\">Dezincification-Resistant Brass<\/h2>\t\t\t\t<\/div>\n\t\t\t\t<\/div>\n\t\t\t\t<div class=\"elementor-element elementor-element-d413bba elementor-widget elementor-widget-heading\" data-id=\"d413bba\" data-element_type=\"widget\" data-e-type=\"widget\" data-widget_type=\"heading.default\">\n\t\t\t\t<div class=\"elementor-widget-container\">\n\t\t\t\t\t<h1 class=\"elementor-heading-title elementor-size-default\">CW625N, CuZn35Pb2Al-C<\/h1>\t\t\t\t<\/div>\n\t\t\t\t<\/div>\n\t\t\t\t<div class=\"elementor-element elementor-element-c4f0d18 elementor-widget elementor-widget-text-editor\" data-id=\"c4f0d18\" data-element_type=\"widget\" data-e-type=\"widget\" data-widget_type=\"text-editor.default\">\n\t\t\t\t<div class=\"elementor-widget-container\">\n\t\t\t\t\t\t\t\t\t<p>CW625N, designated CuZn35Pb2Al-C, is a dezincification-resistant brass alloy developed for applications that require high corrosion resistance in contact with drinking water. The alloy\u2019s composition, including controlled lead content and the addition of aluminium, provides enhanced structural stability and excellent protection against material degradation in aggressive water environments.<\/p><p>Thanks to its reliable performance and good machinability, CW625N is commonly used for components such as valves, fittings, connectors, and other precision parts designed for potable-water systems.<\/p><p>Its combination of mechanical strength, corrosion resistance, and compliance with modern drinking-water requirements makes CW625N a preferred choice for manufacturers seeking durable and safe brass solutions.<\/p>\t\t\t\t\t\t\t\t<\/div>\n\t\t\t\t<\/div>\n\t\t\t\t<\/div>\n\t\t\t\t<\/div>\n\t\t<div class=\"elementor-element elementor-element-1fbd8dd e-flex e-con-boxed e-con e-parent\" data-id=\"1fbd8dd\" data-element_type=\"container\" data-e-type=\"container\" data-settings=\"{&quot;jet_parallax_layout_list&quot;:[]}\">\n\t\t\t\t\t<div class=\"e-con-inner\">\n\t\t\t\t<div class=\"elementor-element elementor-element-fec08da elementor-widget elementor-widget-text-editor\" data-id=\"fec08da\" data-element_type=\"widget\" data-e-type=\"widget\" data-widget_type=\"text-editor.default\">\n\t\t\t\t<div class=\"elementor-widget-container\">\n\t\t\t\t\t\t\t\t\tWith decades of expertise and cutting-edge technology, we produce high-quality parts that ensure durability, strength, and optimal performance. We work with brass, copper and aluminium in numerous different business areas. For example, Automotive, Electrical, Sanitary, Telecom, HVAC, Valves, Fittings.\t\t\t\t\t\t\t\t<\/div>\n\t\t\t\t<\/div>\n\t\t\t\t<div class=\"elementor-element elementor-element-2dffad9 elementor-widget elementor-widget-button\" data-id=\"2dffad9\" data-element_type=\"widget\" data-e-type=\"widget\" data-widget_type=\"button.default\">\n\t\t\t\t<div class=\"elementor-widget-container\">\n\t\t\t\t\t\t\t\t\t<div class=\"elementor-button-wrapper\">\n\t\t\t\t\t<a class=\"elementor-button elementor-button-link elementor-size-sm\" href=\"https:\/\/mmetal.se\/products-services\/\">\n\t\t\t\t\t\t<span class=\"elementor-button-content-wrapper\">\n\t\t\t\t\t\t\t\t\t<span class=\"elementor-button-text\">Read more!<\/span>\n\t\t\t\t\t<\/span>\n\t\t\t\t\t<\/a>\n\t\t\t\t<\/div>\n\t\t\t\t\t\t\t\t<\/div>\n\t\t\t\t<\/div>\n\t\t\t\t\t<\/div>\n\t\t\t\t<\/div>\n\t\t<div class=\"elementor-element elementor-element-ed53377 e-con-full e-flex e-con e-parent\" data-id=\"ed53377\" data-element_type=\"container\" data-e-type=\"container\" data-settings=\"{&quot;background_background&quot;:&quot;classic&quot;,&quot;jet_parallax_layout_list&quot;:[]}\">\n\t\t<div class=\"elementor-element elementor-element-1a63d31 e-con-full e-flex elementor-invisible e-con e-child\" data-id=\"1a63d31\" data-element_type=\"container\" data-e-type=\"container\" data-settings=\"{&quot;animation&quot;:&quot;fadeIn&quot;,&quot;animation_delay&quot;:600,&quot;jet_parallax_layout_list&quot;:[]}\">\n\t\t\t\t<div class=\"elementor-element elementor-element-783d071 elementor-widget elementor-widget-heading\" data-id=\"783d071\" data-element_type=\"widget\" data-e-type=\"widget\" data-widget_type=\"heading.default\">\n\t\t\t\t<div class=\"elementor-widget-container\">\n\t\t\t\t\t<h2 class=\"elementor-heading-title elementor-size-default\">Let\u2019s connect <\/h2>\t\t\t\t<\/div>\n\t\t\t\t<\/div>\n\t\t\t\t<div class=\"elementor-element elementor-element-09e658d elementor-widget elementor-widget-text-editor\" data-id=\"09e658d\" data-element_type=\"widget\" data-e-type=\"widget\" data-widget_type=\"text-editor.default\">\n\t\t\t\t<div class=\"elementor-widget-container\">\n\t\t\t\t\t\t\t\t\tAt Mattsson Metal, we specialise in manufacturing precision-engineered metal components tailored to meet the demands of various industries. Discover how Mattsson Metal can support your business with superior metal components.\t\t\t\t\t\t\t\t<\/div>\n\t\t\t\t<\/div>\n\t\t\t\t<div class=\"elementor-element elementor-element-3ee8409 elementor-button-align-start elementor-mobile-button-align-stretch elementor-widget elementor-widget-form\" data-id=\"3ee8409\" data-element_type=\"widget\" data-e-type=\"widget\" data-settings=\"{&quot;step_next_label&quot;:&quot;Next&quot;,&quot;step_previous_label&quot;:&quot;Previous&quot;,&quot;button_width&quot;:&quot;100&quot;,&quot;step_type&quot;:&quot;number_text&quot;,&quot;step_icon_shape&quot;:&quot;circle&quot;}\" data-widget_type=\"form.default\">\n\t\t\t\t<div class=\"elementor-widget-container\">\n\t\t\t\t\t\t\t<form class=\"elementor-form\" method=\"post\" name=\"New Form\" aria-label=\"New Form\">\n\t\t\t<input type=\"hidden\" name=\"post_id\" value=\"3000\"\/>\n\t\t\t<input type=\"hidden\" name=\"form_id\" value=\"3ee8409\"\/>\n\t\t\t<input type=\"hidden\" name=\"referer_title\" value=\"Mattsson Metal\" \/>\n\n\t\t\t\n\t\t\t<div class=\"elementor-form-fields-wrapper elementor-labels-\">\n\t\t\t\t\t\t\t\t<div class=\"elementor-field-type-text elementor-field-group elementor-column elementor-field-group-field_d5ff888 elementor-col-50\">\n\t\t\t\t\t\t\t\t\t\t\t\t<label for=\"form-field-field_d5ff888\" class=\"elementor-field-label elementor-screen-only\">\n\t\t\t\t\t\t\t\tFirst Name\t\t\t\t\t\t\t<\/label>\n\t\t\t\t\t\t\t\t\t\t\t\t\t\t<input size=\"1\" type=\"text\" name=\"form_fields[field_d5ff888]\" id=\"form-field-field_d5ff888\" class=\"elementor-field elementor-size-sm  elementor-field-textual\" placeholder=\"First Name\">\n\t\t\t\t\t\t\t\t\t\t\t<\/div>\n\t\t\t\t\t\t\t\t<div class=\"elementor-field-type-text elementor-field-group elementor-column elementor-field-group-name elementor-col-50\">\n\t\t\t\t\t\t\t\t\t\t\t\t<label for=\"form-field-name\" class=\"elementor-field-label elementor-screen-only\">\n\t\t\t\t\t\t\t\tLast Name\t\t\t\t\t\t\t<\/label>\n\t\t\t\t\t\t\t\t\t\t\t\t\t\t<input size=\"1\" type=\"text\" name=\"form_fields[name]\" id=\"form-field-name\" class=\"elementor-field elementor-size-sm  elementor-field-textual\" placeholder=\"Last Name\">\n\t\t\t\t\t\t\t\t\t\t\t<\/div>\n\t\t\t\t\t\t\t\t<div class=\"elementor-field-type-email elementor-field-group elementor-column elementor-field-group-email elementor-col-100 elementor-field-required\">\n\t\t\t\t\t\t\t\t\t\t\t\t<label for=\"form-field-email\" class=\"elementor-field-label elementor-screen-only\">\n\t\t\t\t\t\t\t\tEmail\t\t\t\t\t\t\t<\/label>\n\t\t\t\t\t\t\t\t\t\t\t\t\t\t<input size=\"1\" type=\"email\" name=\"form_fields[email]\" id=\"form-field-email\" class=\"elementor-field elementor-size-sm  elementor-field-textual\" placeholder=\"Email\" required=\"required\">\n\t\t\t\t\t\t\t\t\t\t\t<\/div>\n\t\t\t\t\t\t\t\t<div class=\"elementor-field-type-tel elementor-field-group elementor-column elementor-field-group-field_33cfe26 elementor-col-100 elementor-field-required\">\n\t\t\t\t\t\t\t\t\t\t\t\t<label for=\"form-field-field_33cfe26\" class=\"elementor-field-label elementor-screen-only\">\n\t\t\t\t\t\t\t\tPhone Number\t\t\t\t\t\t\t<\/label>\n\t\t\t\t\t\t\t\t<input size=\"1\" type=\"tel\" name=\"form_fields[field_33cfe26]\" id=\"form-field-field_33cfe26\" class=\"elementor-field elementor-size-sm  elementor-field-textual\" placeholder=\"Phone Number\" required=\"required\" pattern=\"[0-9()#&amp;+*-=.]+\" title=\"Only numbers and phone characters (#, -, *, etc) are accepted.\">\n\n\t\t\t\t\t\t<\/div>\n\t\t\t\t\t\t\t\t<div class=\"elementor-field-type-textarea elementor-field-group elementor-column elementor-field-group-message elementor-col-100\">\n\t\t\t\t\t\t\t\t\t\t\t\t<label for=\"form-field-message\" class=\"elementor-field-label elementor-screen-only\">\n\t\t\t\t\t\t\t\tMessage\t\t\t\t\t\t\t<\/label>\n\t\t\t\t\t\t<textarea class=\"elementor-field-textual elementor-field  elementor-size-sm\" name=\"form_fields[message]\" id=\"form-field-message\" rows=\"4\" placeholder=\"Message\"><\/textarea>\t\t\t\t<\/div>\n\t\t\t\t\t\t\t\t<div class=\"elementor-field-type-recaptcha_v3 elementor-field-group elementor-column elementor-field-group-field_0da1b5f elementor-col-100 recaptcha_v3-bottomright\">\n\t\t\t\t\t<div class=\"elementor-field\" id=\"form-field-field_0da1b5f\"><div class=\"elementor-g-recaptcha\" data-sitekey=\"6Ldf3XUrAAAAAMlSz_XRnYJcUFhqaLuixKaB5amD\" data-type=\"v3\" data-action=\"Form\" data-badge=\"bottomright\" data-size=\"invisible\"><\/div><\/div>\t\t\t\t<\/div>\n\t\t\t\t\t\t\t\t<div class=\"elementor-field-group elementor-column elementor-field-type-submit elementor-col-100 e-form__buttons\">\n\t\t\t\t\t<button class=\"elementor-button elementor-size-sm\" type=\"submit\">\n\t\t\t\t\t\t<span class=\"elementor-button-content-wrapper\">\n\t\t\t\t\t\t\t\t\t\t\t\t\t\t\t<span class=\"elementor-button-icon\">\n\t\t\t\t\t\t\t\t\t<svg xmlns=\"http:\/\/www.w3.org\/2000\/svg\" width=\"12\" height=\"12\" viewBox=\"0 0 12 12\" fill=\"currentColor\"><path d=\"M9.13125 6.75H0V5.25H9.13125L4.93125 1.05L6 0L12 6L6 12L4.93125 10.95L9.13125 6.75Z\" fill=\"currentColor\"><\/path><\/svg>\t\t\t\t\t\t\t\t\t\t\t\t\t\t\t\t\t<\/span>\n\t\t\t\t\t\t\t\t\t\t\t\t\t\t\t\t\t\t\t\t\t\t<span class=\"elementor-button-text\">Send<\/span>\n\t\t\t\t\t\t\t\t\t\t\t\t\t<\/span>\n\t\t\t\t\t<\/button>\n\t\t\t\t<\/div>\n\t\t\t<\/div>\n\t\t<\/form>\n\t\t\t\t\t\t<\/div>\n\t\t\t\t<\/div>\n\t\t\t\t<\/div>\n\t\t<div class=\"elementor-element elementor-element-c52261e e-con-full e-flex elementor-invisible e-con e-child\" data-id=\"c52261e\" data-element_type=\"container\" data-e-type=\"container\" data-settings=\"{&quot;animation&quot;:&quot;fadeInLeft&quot;,&quot;jet_parallax_layout_list&quot;:[]}\">\n\t\t\t\t<div class=\"elementor-element elementor-element-b7327e9 elementor-widget elementor-widget-image\" data-id=\"b7327e9\" data-element_type=\"widget\" data-e-type=\"widget\" data-widget_type=\"image.default\">\n\t\t\t\t<div class=\"elementor-widget-container\">\n\t\t\t\t\t\t\t\t\t\t\t\t\t\t\t<img decoding=\"async\" width=\"1708\" height=\"2560\" src=\"https:\/\/mmetal.se\/wp-content\/uploads\/2025\/04\/Simon-Andreasson-0M6A8209-scaled.jpg\" class=\"attachment-full size-full wp-image-966\" alt=\"\" srcset=\"https:\/\/mmetal.se\/wp-content\/uploads\/2025\/04\/Simon-Andreasson-0M6A8209-scaled.jpg 1708w, https:\/\/mmetal.se\/wp-content\/uploads\/2025\/04\/Simon-Andreasson-0M6A8209-200x300.jpg 200w, https:\/\/mmetal.se\/wp-content\/uploads\/2025\/04\/Simon-Andreasson-0M6A8209-683x1024.jpg 683w, https:\/\/mmetal.se\/wp-content\/uploads\/2025\/04\/Simon-Andreasson-0M6A8209-768x1151.jpg 768w, https:\/\/mmetal.se\/wp-content\/uploads\/2025\/04\/Simon-Andreasson-0M6A8209-1025x1536.jpg 1025w, https:\/\/mmetal.se\/wp-content\/uploads\/2025\/04\/Simon-Andreasson-0M6A8209-1366x2048.jpg 1366w\" sizes=\"(max-width: 1708px) 100vw, 1708px\" \/>\t\t\t\t\t\t\t\t\t\t\t\t\t\t\t<\/div>\n\t\t\t\t<\/div>\n\t\t\t\t<\/div>\n\t\t\t\t<\/div>\n\t\t\t\t<\/div>\n\t\t","protected":false},"excerpt":{"rendered":"<p>Dezincification-Resistant Brass CW625N, CuZn35Pb2Al-C CW625N, designated CuZn35Pb2Al-C, is a dezincification-resistant brass alloy developed for applications that require high corrosion resistance in contact with drinking water. The alloy\u2019s composition, including controlled lead content and the addition of aluminium, provides enhanced structural stability and excellent protection against material degradation in aggressive water environments. Thanks to its reliable [&hellip;]<\/p>\n","protected":false},"author":1,"featured_media":0,"parent":0,"menu_order":0,"comment_status":"closed","ping_status":"closed","template":"","meta":{"footnotes":""},"class_list":["post-3000","page","type-page","status-publish","hentry"],"yoast_head":"<!-- This site is optimized with the Yoast SEO plugin v27.0 - https:\/\/yoast.com\/product\/yoast-seo-wordpress\/ -->\n<title>CW625N (CuZn35Pb2Al-C) | DZR Brass - Mattsson Metal<\/title>\n<meta name=\"description\" content=\"CW625N is a dezincification-resistant brass for drinking water applications, ideal for valves, fittings, and corrosion-critical components.\" \/>\n<meta name=\"robots\" content=\"index, follow, max-snippet:-1, max-image-preview:large, max-video-preview:-1\" \/>\n<link rel=\"canonical\" href=\"https:\/\/mmetal.se\/sv\/cw625n-cuzn35pb2al-c\/\" \/>\n<meta property=\"og:locale\" content=\"sv_SE\" \/>\n<meta property=\"og:type\" content=\"article\" \/>\n<meta property=\"og:title\" content=\"CW625N (CuZn35Pb2Al-C) | DZR Brass - Mattsson Metal\" \/>\n<meta property=\"og:description\" content=\"CW625N is a dezincification-resistant brass for drinking water applications, ideal for valves, fittings, and corrosion-critical components.\" \/>\n<meta property=\"og:url\" content=\"https:\/\/mmetal.se\/sv\/cw625n-cuzn35pb2al-c\/\" \/>\n<meta property=\"og:site_name\" content=\"Mattsson Metal\" \/>\n<meta property=\"article:modified_time\" content=\"2025-11-14T15:29:05+00:00\" \/>\n<meta property=\"og:image\" content=\"https:\/\/mmetal.se\/wp-content\/uploads\/2025\/11\/CW625N-CuZn35Pb2Al-C.jpg\" \/>\n<meta name=\"twitter:card\" content=\"summary_large_image\" \/>\n<meta name=\"twitter:label1\" content=\"Ber\u00e4knad l\u00e4stid\" \/>\n\t<meta name=\"twitter:data1\" content=\"2 minuter\" \/>\n<script type=\"application\/ld+json\" class=\"yoast-schema-graph\">{\"@context\":\"https:\/\/schema.org\",\"@graph\":[{\"@type\":\"WebPage\",\"@id\":\"https:\/\/mmetal.se\/cw625n-cuzn35pb2al-c\/\",\"url\":\"https:\/\/mmetal.se\/cw625n-cuzn35pb2al-c\/\",\"name\":\"CW625N (CuZn35Pb2Al-C) | DZR Brass - Mattsson Metal\",\"isPartOf\":{\"@id\":\"https:\/\/mmetal.se\/#website\"},\"primaryImageOfPage\":{\"@id\":\"https:\/\/mmetal.se\/cw625n-cuzn35pb2al-c\/#primaryimage\"},\"image\":{\"@id\":\"https:\/\/mmetal.se\/cw625n-cuzn35pb2al-c\/#primaryimage\"},\"thumbnailUrl\":\"https:\/\/mmetal.se\/wp-content\/uploads\/2025\/11\/CW625N-CuZn35Pb2Al-C.jpg\",\"datePublished\":\"2025-11-14T15:16:52+00:00\",\"dateModified\":\"2025-11-14T15:29:05+00:00\",\"description\":\"CW625N is a dezincification-resistant brass for drinking water applications, ideal for valves, fittings, and corrosion-critical components.\",\"breadcrumb\":{\"@id\":\"https:\/\/mmetal.se\/cw625n-cuzn35pb2al-c\/#breadcrumb\"},\"inLanguage\":\"sv-SE\",\"potentialAction\":[{\"@type\":\"ReadAction\",\"target\":[\"https:\/\/mmetal.se\/cw625n-cuzn35pb2al-c\/\"]}]},{\"@type\":\"ImageObject\",\"inLanguage\":\"sv-SE\",\"@id\":\"https:\/\/mmetal.se\/cw625n-cuzn35pb2al-c\/#primaryimage\",\"url\":\"https:\/\/mmetal.se\/wp-content\/uploads\/2025\/11\/CW625N-CuZn35Pb2Al-C.jpg\",\"contentUrl\":\"https:\/\/mmetal.se\/wp-content\/uploads\/2025\/11\/CW625N-CuZn35Pb2Al-C.jpg\"},{\"@type\":\"BreadcrumbList\",\"@id\":\"https:\/\/mmetal.se\/cw625n-cuzn35pb2al-c\/#breadcrumb\",\"itemListElement\":[{\"@type\":\"ListItem\",\"position\":1,\"name\":\"Home\",\"item\":\"https:\/\/mmetal.se\/\"},{\"@type\":\"ListItem\",\"position\":2,\"name\":\"CW625N, CuZn35Pb2Al-C\"}]},{\"@type\":\"WebSite\",\"@id\":\"https:\/\/mmetal.se\/#website\",\"url\":\"https:\/\/mmetal.se\/\",\"name\":\"Mattsson Metal\",\"description\":\"Nordic leading manufacturers of hot pressed metal parts of the highest quality.\",\"publisher\":{\"@id\":\"https:\/\/mmetal.se\/#organization\"},\"potentialAction\":[{\"@type\":\"SearchAction\",\"target\":{\"@type\":\"EntryPoint\",\"urlTemplate\":\"https:\/\/mmetal.se\/?s={search_term_string}\"},\"query-input\":{\"@type\":\"PropertyValueSpecification\",\"valueRequired\":true,\"valueName\":\"search_term_string\"}}],\"inLanguage\":\"sv-SE\"},{\"@type\":\"Organization\",\"@id\":\"https:\/\/mmetal.se\/#organization\",\"name\":\"Mattsson Metal\",\"url\":\"https:\/\/mmetal.se\/\",\"logo\":{\"@type\":\"ImageObject\",\"inLanguage\":\"sv-SE\",\"@id\":\"https:\/\/mmetal.se\/#\/schema\/logo\/image\/\",\"url\":\"https:\/\/mmetal.se\/wp-content\/uploads\/2025\/04\/vector-modified-B5A480.svg\",\"contentUrl\":\"https:\/\/mmetal.se\/wp-content\/uploads\/2025\/04\/vector-modified-B5A480.svg\",\"width\":246,\"height\":42,\"caption\":\"Mattsson Metal\"},\"image\":{\"@id\":\"https:\/\/mmetal.se\/#\/schema\/logo\/image\/\"}}]}<\/script>\n<!-- \/ Yoast SEO plugin. -->","yoast_head_json":{"title":"CW625N (CuZn35Pb2Al-C) | DZR M\u00e4ssing - Mattsson Metal","description":"CW625N \u00e4r en avzinkningsh\u00e4rdig m\u00e4ssing f\u00f6r dricksvattenapplikationer, idealisk f\u00f6r ventiler, beslag och korrosionskritiska komponenter.","robots":{"index":"index","follow":"follow","max-snippet":"max-snippet:-1","max-image-preview":"max-image-preview:large","max-video-preview":"max-video-preview:-1"},"canonical":"https:\/\/mmetal.se\/sv\/cw625n-cuzn35pb2al-c\/","og_locale":"sv_SE","og_type":"article","og_title":"CW625N (CuZn35Pb2Al-C) | DZR Brass - Mattsson Metal","og_description":"CW625N is a dezincification-resistant brass for drinking water applications, ideal for valves, fittings, and corrosion-critical components.","og_url":"https:\/\/mmetal.se\/sv\/cw625n-cuzn35pb2al-c\/","og_site_name":"Mattsson Metal","article_modified_time":"2025-11-14T15:29:05+00:00","og_image":[{"url":"https:\/\/mmetal.se\/wp-content\/uploads\/2025\/11\/CW625N-CuZn35Pb2Al-C.jpg","type":"","width":"","height":""}],"twitter_card":"summary_large_image","twitter_misc":{"Ber\u00e4knad l\u00e4stid":"2 minuter"},"schema":{"@context":"https:\/\/schema.org","@graph":[{"@type":"WebPage","@id":"https:\/\/mmetal.se\/cw625n-cuzn35pb2al-c\/","url":"https:\/\/mmetal.se\/cw625n-cuzn35pb2al-c\/","name":"CW625N (CuZn35Pb2Al-C) | DZR M\u00e4ssing - Mattsson Metal","isPartOf":{"@id":"https:\/\/mmetal.se\/#website"},"primaryImageOfPage":{"@id":"https:\/\/mmetal.se\/cw625n-cuzn35pb2al-c\/#primaryimage"},"image":{"@id":"https:\/\/mmetal.se\/cw625n-cuzn35pb2al-c\/#primaryimage"},"thumbnailUrl":"https:\/\/mmetal.se\/wp-content\/uploads\/2025\/11\/CW625N-CuZn35Pb2Al-C.jpg","datePublished":"2025-11-14T15:16:52+00:00","dateModified":"2025-11-14T15:29:05+00:00","description":"CW625N \u00e4r en avzinkningsh\u00e4rdig m\u00e4ssing f\u00f6r dricksvattenapplikationer, idealisk f\u00f6r ventiler, beslag och korrosionskritiska komponenter.","breadcrumb":{"@id":"https:\/\/mmetal.se\/cw625n-cuzn35pb2al-c\/#breadcrumb"},"inLanguage":"sv-SE","potentialAction":[{"@type":"ReadAction","target":["https:\/\/mmetal.se\/cw625n-cuzn35pb2al-c\/"]}]},{"@type":"ImageObject","inLanguage":"sv-SE","@id":"https:\/\/mmetal.se\/cw625n-cuzn35pb2al-c\/#primaryimage","url":"https:\/\/mmetal.se\/wp-content\/uploads\/2025\/11\/CW625N-CuZn35Pb2Al-C.jpg","contentUrl":"https:\/\/mmetal.se\/wp-content\/uploads\/2025\/11\/CW625N-CuZn35Pb2Al-C.jpg"},{"@type":"BreadcrumbList","@id":"https:\/\/mmetal.se\/cw625n-cuzn35pb2al-c\/#breadcrumb","itemListElement":[{"@type":"ListItem","position":1,"name":"Home","item":"https:\/\/mmetal.se\/"},{"@type":"ListItem","position":2,"name":"CW625N, CuZn35Pb2Al-C"}]},{"@type":"WebSite","@id":"https:\/\/mmetal.se\/#website","url":"https:\/\/mmetal.se\/","name":"Mattsson Metal","description":"Nordens ledande tillverkare av varmpressade metalldelar av h\u00f6gsta kvalitet.","publisher":{"@id":"https:\/\/mmetal.se\/#organization"},"potentialAction":[{"@type":"SearchAction","target":{"@type":"EntryPoint","urlTemplate":"https:\/\/mmetal.se\/?s={search_term_string}"},"query-input":{"@type":"PropertyValueSpecification","valueRequired":true,"valueName":"search_term_string"}}],"inLanguage":"sv-SE"},{"@type":"Organization","@id":"https:\/\/mmetal.se\/#organization","name":"Mattsson Metal","url":"https:\/\/mmetal.se\/","logo":{"@type":"ImageObject","inLanguage":"sv-SE","@id":"https:\/\/mmetal.se\/#\/schema\/logo\/image\/","url":"https:\/\/mmetal.se\/wp-content\/uploads\/2025\/04\/vector-modified-B5A480.svg","contentUrl":"https:\/\/mmetal.se\/wp-content\/uploads\/2025\/04\/vector-modified-B5A480.svg","width":246,"height":42,"caption":"Mattsson Metal"},"image":{"@id":"https:\/\/mmetal.se\/#\/schema\/logo\/image\/"}}]}},"_links":{"self":[{"href":"https:\/\/mmetal.se\/sv\/wp-json\/wp\/v2\/pages\/3000","targetHints":{"allow":["GET"]}}],"collection":[{"href":"https:\/\/mmetal.se\/sv\/wp-json\/wp\/v2\/pages"}],"about":[{"href":"https:\/\/mmetal.se\/sv\/wp-json\/wp\/v2\/types\/page"}],"author":[{"embeddable":true,"href":"https:\/\/mmetal.se\/sv\/wp-json\/wp\/v2\/users\/1"}],"replies":[{"embeddable":true,"href":"https:\/\/mmetal.se\/sv\/wp-json\/wp\/v2\/comments?post=3000"}],"version-history":[{"count":4,"href":"https:\/\/mmetal.se\/sv\/wp-json\/wp\/v2\/pages\/3000\/revisions"}],"predecessor-version":[{"id":3006,"href":"https:\/\/mmetal.se\/sv\/wp-json\/wp\/v2\/pages\/3000\/revisions\/3006"}],"wp:attachment":[{"href":"https:\/\/mmetal.se\/sv\/wp-json\/wp\/v2\/media?parent=3000"}],"curies":[{"name":"wp","href":"https:\/\/api.w.org\/{rel}","templated":true}]}}